{"id":157,"date":"2021-12-07T20:46:30","date_gmt":"2021-12-07T19:46:30","guid":{"rendered":"http:\/\/nowator.home.pl\/Mw\/?page_id=157"},"modified":"2023-02-13T15:37:47","modified_gmt":"2023-02-13T14:37:47","slug":"zwroty-galeria-fotografii","status":"publish","type":"page","link":"https:\/\/marzenawalczak.com\/en\/galeria-fotografii-fotografia-artystyczna\/zwroty-galeria-fotografii\/","title":{"rendered":"Zwroty"},"content":{"rendered":"\n<p><\/p>\n\n\n\n<p><\/p>\n\n\n\n<p><strong>Zwroty &#8211; prawo odst\u0105pienia od umowy<\/strong><\/p>\n\n\n\n<p><br>Prawo do odst\u0105pienia od umowy zawartej na odleg\u0142o\u015b\u0107 nie przys\u0142uguje Konsumentowi w odniesieniu do Umowy, w kt\u00f3rej przedmiotem \u015bwiadczenia jest rzecz nieprefabrykowana, wyprodukowana wed\u0142ug specyfikacji Konsumenta lub s\u0142u\u017c\u0105ca zaspokojeniu jego zindywidualizowanych potrzeb.<br>Ka\u017cdy obraz zam\u00f3wiony przez Pa\u0144stwa nosi takie znamiona.<br>Brak prawa odst\u0105pienia od zawartej umowy nie wy\u0142\u0105cza odpowiedzialno\u015bci Sprzedawcy za ewentualne wady Produkt\u00f3w.<\/p>\n","protected":false},"excerpt":{"rendered":"<p>Zwroty &#8211; prawo odst\u0105pienia od umowy Prawo do odst\u0105pienia od umowy zawartej na odleg\u0142o\u015b\u0107 nie przys\u0142uguje Konsumentowi w odniesieniu do Umowy, w kt\u00f3rej przedmiotem \u015bwiadczenia jest rzecz nieprefabrykowana, wyprodukowana wed\u0142ug specyfikacji Konsumenta lub s\u0142u\u017c\u0105ca zaspokojeniu jego zindywidualizowanych potrzeb.Ka\u017cdy obraz zam\u00f3wiony przez Pa\u0144stwa nosi takie znamiona.Brak prawa odst\u0105pienia od zawartej umowy nie wy\u0142\u0105cza odpowiedzialno\u015bci Sprzedawcy za [&hellip;]<\/p>\n","protected":false},"author":1,"featured_media":0,"parent":141,"menu_order":0,"comment_status":"closed","ping_status":"closed","template":"pagetemplate-info.php","meta":{"_acf_changed":false,"footnotes":""},"class_list":["post-157","page","type-page","status-publish","hentry"],"acf":[],"yoast_head":"<!-- This site is optimized with the Yoast SEO plugin v27.4 - https:\/\/yoast.com\/product\/yoast-seo-wordpress\/ -->\n<title>zwroty - galeria fotografii Marzeny Walczak<\/title>\n<meta name=\"description\" content=\"Zwroty - autorska galeria fotografii Marzeny Walczak. Detale przyrody w kadrach makro. Chwila zachwytu nad \u015bwiatem, kt\u00f3ry trudno dostrzec.\" \/>\n<meta name=\"robots\" content=\"index, follow, max-snippet:-1, max-image-preview:large, max-video-preview:-1\" \/>\n<link rel=\"canonical\" href=\"https:\/\/marzenawalczak.com\/en\/galeria-fotografii-fotografia-artystyczna\/zwroty-galeria-fotografii\/\" \/>\n<meta property=\"og:locale\" content=\"en_US\" \/>\n<meta property=\"og:locale:alternate\" content=\"pl_PL\" \/>\n<meta property=\"og:locale:alternate\" content=\"fr_FR\" \/>\n<meta property=\"og:type\" content=\"article\" \/>\n<meta property=\"og:title\" content=\"zwroty - galeria fotografii Marzeny Walczak\" \/>\n<meta property=\"og:description\" content=\"Zwroty - autorska galeria fotografii Marzeny Walczak. Detale przyrody w kadrach makro. Chwila zachwytu nad \u015bwiatem, kt\u00f3ry trudno dostrzec.\" \/>\n<meta property=\"og:url\" content=\"https:\/\/marzenawalczak.com\/en\/galeria-fotografii-fotografia-artystyczna\/zwroty-galeria-fotografii\/\" \/>\n<meta property=\"og:site_name\" content=\"Marzena Walczak Photography\" \/>\n<meta property=\"article:modified_time\" content=\"2023-02-13T14:37:47+00:00\" \/>\n<meta name=\"twitter:card\" content=\"summary_large_image\" \/>\n<meta name=\"twitter:label1\" content=\"Est. reading time\" \/>\n\t<meta name=\"twitter:data1\" content=\"1 minute\" \/>\n<script type=\"application\/ld+json\" class=\"yoast-schema-graph\">{\"@context\":\"https:\\\/\\\/schema.org\",\"@graph\":[{\"@type\":\"WebPage\",\"@id\":\"https:\\\/\\\/marzenawalczak.com\\\/galeria-fotografii-fotografia-artystyczna\\\/zwroty-galeria-fotografii\\\/\",\"url\":\"https:\\\/\\\/marzenawalczak.com\\\/galeria-fotografii-fotografia-artystyczna\\\/zwroty-galeria-fotografii\\\/\",\"name\":\"zwroty - galeria fotografii Marzeny Walczak\",\"isPartOf\":{\"@id\":\"https:\\\/\\\/marzenawalczak.com\\\/#website\"},\"datePublished\":\"2021-12-07T19:46:30+00:00\",\"dateModified\":\"2023-02-13T14:37:47+00:00\",\"description\":\"Zwroty - autorska galeria fotografii Marzeny Walczak. Detale przyrody w kadrach makro. Chwila zachwytu nad \u015bwiatem, kt\u00f3ry trudno dostrzec.\",\"breadcrumb\":{\"@id\":\"https:\\\/\\\/marzenawalczak.com\\\/galeria-fotografii-fotografia-artystyczna\\\/zwroty-galeria-fotografii\\\/#breadcrumb\"},\"inLanguage\":\"en-US\",\"potentialAction\":[{\"@type\":\"ReadAction\",\"target\":[\"https:\\\/\\\/marzenawalczak.com\\\/galeria-fotografii-fotografia-artystyczna\\\/zwroty-galeria-fotografii\\\/\"]}]},{\"@type\":\"BreadcrumbList\",\"@id\":\"https:\\\/\\\/marzenawalczak.com\\\/galeria-fotografii-fotografia-artystyczna\\\/zwroty-galeria-fotografii\\\/#breadcrumb\",\"itemListElement\":[{\"@type\":\"ListItem\",\"position\":1,\"name\":\"Strona g\u0142\u00f3wna\",\"item\":\"https:\\\/\\\/marzenawalczak.com\\\/en\\\/\"},{\"@type\":\"ListItem\",\"position\":2,\"name\":\"Przydatne informacje\",\"item\":\"https:\\\/\\\/marzenawalczak.com\\\/galeria-fotografii-fotografia-artystyczna\\\/\"},{\"@type\":\"ListItem\",\"position\":3,\"name\":\"Zwroty\"}]},{\"@type\":\"WebSite\",\"@id\":\"https:\\\/\\\/marzenawalczak.com\\\/#website\",\"url\":\"https:\\\/\\\/marzenawalczak.com\\\/\",\"name\":\"Marzena Walczak Photography\",\"description\":\"Galeria artystyczna\",\"publisher\":{\"@id\":\"https:\\\/\\\/marzenawalczak.com\\\/#organization\"},\"potentialAction\":[{\"@type\":\"SearchAction\",\"target\":{\"@type\":\"EntryPoint\",\"urlTemplate\":\"https:\\\/\\\/marzenawalczak.com\\\/?s={search_term_string}\"},\"query-input\":{\"@type\":\"PropertyValueSpecification\",\"valueRequired\":true,\"valueName\":\"search_term_string\"}}],\"inLanguage\":\"en-US\"},{\"@type\":\"Organization\",\"@id\":\"https:\\\/\\\/marzenawalczak.com\\\/#organization\",\"name\":\"Marzena Walczak photography\",\"url\":\"https:\\\/\\\/marzenawalczak.com\\\/\",\"logo\":{\"@type\":\"ImageObject\",\"inLanguage\":\"en-US\",\"@id\":\"https:\\\/\\\/marzenawalczak.com\\\/#\\\/schema\\\/logo\\\/image\\\/\",\"url\":\"https:\\\/\\\/marzenawalczak.com\\\/wp-content\\\/uploads\\\/2022\\\/07\\\/DSC_0210.jpg\",\"contentUrl\":\"https:\\\/\\\/marzenawalczak.com\\\/wp-content\\\/uploads\\\/2022\\\/07\\\/DSC_0210.jpg\",\"width\":1800,\"height\":1207,\"caption\":\"Marzena Walczak photography\"},\"image\":{\"@id\":\"https:\\\/\\\/marzenawalczak.com\\\/#\\\/schema\\\/logo\\\/image\\\/\"},\"sameAs\":[\"https:\\\/\\\/www.instagram.com\\\/marzenawalczak_com\\\/\"]}]}<\/script>\n<!-- \/ Yoast SEO plugin. -->","yoast_head_json":{"title":"zwroty - galeria fotografii Marzeny Walczak","description":"Zwroty - autorska galeria fotografii Marzeny Walczak. Detale przyrody w kadrach makro. Chwila zachwytu nad \u015bwiatem, kt\u00f3ry trudno dostrzec.","robots":{"index":"index","follow":"follow","max-snippet":"max-snippet:-1","max-image-preview":"max-image-preview:large","max-video-preview":"max-video-preview:-1"},"canonical":"https:\/\/marzenawalczak.com\/en\/galeria-fotografii-fotografia-artystyczna\/zwroty-galeria-fotografii\/","og_locale":"en_US","og_type":"article","og_title":"zwroty - galeria fotografii Marzeny Walczak","og_description":"Zwroty - autorska galeria fotografii Marzeny Walczak. Detale przyrody w kadrach makro. Chwila zachwytu nad \u015bwiatem, kt\u00f3ry trudno dostrzec.","og_url":"https:\/\/marzenawalczak.com\/en\/galeria-fotografii-fotografia-artystyczna\/zwroty-galeria-fotografii\/","og_site_name":"Marzena Walczak Photography","article_modified_time":"2023-02-13T14:37:47+00:00","twitter_card":"summary_large_image","twitter_misc":{"Est. reading time":"1 minute"},"schema":{"@context":"https:\/\/schema.org","@graph":[{"@type":"WebPage","@id":"https:\/\/marzenawalczak.com\/galeria-fotografii-fotografia-artystyczna\/zwroty-galeria-fotografii\/","url":"https:\/\/marzenawalczak.com\/galeria-fotografii-fotografia-artystyczna\/zwroty-galeria-fotografii\/","name":"zwroty - galeria fotografii Marzeny Walczak","isPartOf":{"@id":"https:\/\/marzenawalczak.com\/#website"},"datePublished":"2021-12-07T19:46:30+00:00","dateModified":"2023-02-13T14:37:47+00:00","description":"Zwroty - autorska galeria fotografii Marzeny Walczak. Detale przyrody w kadrach makro. Chwila zachwytu nad \u015bwiatem, kt\u00f3ry trudno dostrzec.","breadcrumb":{"@id":"https:\/\/marzenawalczak.com\/galeria-fotografii-fotografia-artystyczna\/zwroty-galeria-fotografii\/#breadcrumb"},"inLanguage":"en-US","potentialAction":[{"@type":"ReadAction","target":["https:\/\/marzenawalczak.com\/galeria-fotografii-fotografia-artystyczna\/zwroty-galeria-fotografii\/"]}]},{"@type":"BreadcrumbList","@id":"https:\/\/marzenawalczak.com\/galeria-fotografii-fotografia-artystyczna\/zwroty-galeria-fotografii\/#breadcrumb","itemListElement":[{"@type":"ListItem","position":1,"name":"Strona g\u0142\u00f3wna","item":"https:\/\/marzenawalczak.com\/en\/"},{"@type":"ListItem","position":2,"name":"Przydatne informacje","item":"https:\/\/marzenawalczak.com\/galeria-fotografii-fotografia-artystyczna\/"},{"@type":"ListItem","position":3,"name":"Zwroty"}]},{"@type":"WebSite","@id":"https:\/\/marzenawalczak.com\/#website","url":"https:\/\/marzenawalczak.com\/","name":"Marzena Walczak Photography","description":"Galeria artystyczna","publisher":{"@id":"https:\/\/marzenawalczak.com\/#organization"},"potentialAction":[{"@type":"SearchAction","target":{"@type":"EntryPoint","urlTemplate":"https:\/\/marzenawalczak.com\/?s={search_term_string}"},"query-input":{"@type":"PropertyValueSpecification","valueRequired":true,"valueName":"search_term_string"}}],"inLanguage":"en-US"},{"@type":"Organization","@id":"https:\/\/marzenawalczak.com\/#organization","name":"Marzena Walczak photography","url":"https:\/\/marzenawalczak.com\/","logo":{"@type":"ImageObject","inLanguage":"en-US","@id":"https:\/\/marzenawalczak.com\/#\/schema\/logo\/image\/","url":"https:\/\/marzenawalczak.com\/wp-content\/uploads\/2022\/07\/DSC_0210.jpg","contentUrl":"https:\/\/marzenawalczak.com\/wp-content\/uploads\/2022\/07\/DSC_0210.jpg","width":1800,"height":1207,"caption":"Marzena Walczak photography"},"image":{"@id":"https:\/\/marzenawalczak.com\/#\/schema\/logo\/image\/"},"sameAs":["https:\/\/www.instagram.com\/marzenawalczak_com\/"]}]}},"_links":{"self":[{"href":"https:\/\/marzenawalczak.com\/en\/wp-json\/wp\/v2\/pages\/157","targetHints":{"allow":["GET"]}}],"collection":[{"href":"https:\/\/marzenawalczak.com\/en\/wp-json\/wp\/v2\/pages"}],"about":[{"href":"https:\/\/marzenawalczak.com\/en\/wp-json\/wp\/v2\/types\/page"}],"author":[{"embeddable":true,"href":"https:\/\/marzenawalczak.com\/en\/wp-json\/wp\/v2\/users\/1"}],"replies":[{"embeddable":true,"href":"https:\/\/marzenawalczak.com\/en\/wp-json\/wp\/v2\/comments?post=157"}],"version-history":[{"count":5,"href":"https:\/\/marzenawalczak.com\/en\/wp-json\/wp\/v2\/pages\/157\/revisions"}],"predecessor-version":[{"id":941,"href":"https:\/\/marzenawalczak.com\/en\/wp-json\/wp\/v2\/pages\/157\/revisions\/941"}],"up":[{"embeddable":true,"href":"https:\/\/marzenawalczak.com\/en\/wp-json\/wp\/v2\/pages\/141"}],"wp:attachment":[{"href":"https:\/\/marzenawalczak.com\/en\/wp-json\/wp\/v2\/media?parent=157"}],"curies":[{"name":"wp","href":"https:\/\/api.w.org\/{rel}","templated":true}]}}