{"id":161,"date":"2021-12-07T20:47:21","date_gmt":"2021-12-07T19:47:21","guid":{"rendered":"http:\/\/nowator.home.pl\/Mw\/?page_id=161"},"modified":"2024-10-24T18:21:21","modified_gmt":"2024-10-24T17:21:21","slug":"dostawa-galeria-fotografii","status":"publish","type":"page","link":"https:\/\/marzenawalczak.com\/en\/galeria-fotografii-fotografia-artystyczna\/dostawa-galeria-fotografii\/","title":{"rendered":"Dostawa"},"content":{"rendered":"\n<p><\/p>\n\n\n\n<p><\/p>\n\n\n\n<h3 class=\"wp-block-heading\">Szanowni Pa\u0144stwo<\/h3>\n\n\n\n<p>Dostawa &#8211; sposoby, warunki, bezpiecze\u0144stwo.<\/p>\n\n\n\n<p>Dok\u0142adam wszelkich stara\u0144, \u017ceby zam\u00f3wione prace dotar\u0142y do Pa\u0144stwa szybko i bezpiecznie. Dlatego wsp\u00f3\u0142pracuj\u0119 z renomowanymi spedytorami, kt\u00f3rzy z nale\u017cyt\u0105 staranno\u015bci\u0105 traktuj\u0105 te delikatne przesy\u0142ki. Prace wysy\u0142am zapakowane w karton i papier os\u0142onowy lub w tubach, prze\u0142o\u017cone papierem os\u0142onowym \u017ceby mie\u0107 pewno\u015b\u0107 co do ich bezpiecze\u0144stwa. Ka\u017cda praca jest fotografowana bezpo\u015brednio przed zapakowaniem, aby u\u0142atwi\u0107 ewentualn\u0105 reklamacj\u0119. <br><\/p>\n\n\n\n<h3 class=\"wp-block-heading\">Proces wysy\u0142ki<\/h3>\n\n\n\n<ul class=\"wp-block-list\">\n<li>po otrzymaniu p\u0142atno\u015bci praca jest drukowana, sygnowana i numerowana<\/li>\n\n\n\n<li>spos\u00f3b pakowania jest zale\u017cny od formatu przesy\u0142ki<\/li>\n\n\n\n<li>kupuj\u0105cy otrzymuje numer listu przewozowego umo\u017cliwiaj\u0105cy \u015bledzenie przesy\u0142ki<br><\/li>\n<\/ul>\n\n\n\n<p>Po otrzymaniu przesy\u0142ki, przy odpakowywaniu prosimy o zachowanie du\u017cej ostro\u017cno\u015bci i o niedotykanie wydruk\u00f3w palcami. Zalecamy u\u017cywanie w tym celu bawe\u0142nianych r\u0119kawiczek.<\/p>\n\n\n\n<p><\/p>\n","protected":false},"excerpt":{"rendered":"<p>Szanowni Pa\u0144stwo Dostawa &#8211; sposoby, warunki, bezpiecze\u0144stwo. Dok\u0142adam wszelkich stara\u0144, \u017ceby zam\u00f3wione prace dotar\u0142y do Pa\u0144stwa szybko i bezpiecznie. Dlatego wsp\u00f3\u0142pracuj\u0119 z renomowanymi spedytorami, kt\u00f3rzy z nale\u017cyt\u0105 staranno\u015bci\u0105 traktuj\u0105 te delikatne przesy\u0142ki. Prace wysy\u0142am zapakowane w karton i papier os\u0142onowy lub w tubach, prze\u0142o\u017cone papierem os\u0142onowym \u017ceby mie\u0107 pewno\u015b\u0107 co do ich bezpiecze\u0144stwa. Ka\u017cda praca [&hellip;]<\/p>\n","protected":false},"author":1,"featured_media":0,"parent":141,"menu_order":0,"comment_status":"closed","ping_status":"closed","template":"pagetemplate-info.php","meta":{"_acf_changed":false,"footnotes":""},"class_list":["post-161","page","type-page","status-publish","hentry"],"acf":[],"yoast_head":"<!-- This site is optimized with the Yoast SEO plugin v27.4 - https:\/\/yoast.com\/product\/yoast-seo-wordpress\/ -->\n<title>dostawa - galeria fotografii Marzeny Walczak<\/title>\n<meta name=\"description\" content=\"Dostawa - wydruki - przyroda w kadrach makro. Chwila zachwytu nad \u015bwiatem, kt\u00f3ry trudno dostrzec. Fotografie do wystroju wn\u0119trz.\" \/>\n<meta name=\"robots\" content=\"index, follow, max-snippet:-1, max-image-preview:large, max-video-preview:-1\" \/>\n<link rel=\"canonical\" href=\"https:\/\/marzenawalczak.com\/en\/galeria-fotografii-fotografia-artystyczna\/dostawa-galeria-fotografii\/\" \/>\n<meta property=\"og:locale\" content=\"en_US\" \/>\n<meta property=\"og:locale:alternate\" content=\"pl_PL\" \/>\n<meta property=\"og:locale:alternate\" content=\"fr_FR\" \/>\n<meta property=\"og:type\" content=\"article\" \/>\n<meta property=\"og:title\" content=\"dostawa - galeria fotografii Marzeny Walczak\" \/>\n<meta property=\"og:description\" content=\"Dostawa - wydruki - przyroda w kadrach makro. Chwila zachwytu nad \u015bwiatem, kt\u00f3ry trudno dostrzec. Fotografie do wystroju wn\u0119trz.\" \/>\n<meta property=\"og:url\" content=\"https:\/\/marzenawalczak.com\/en\/galeria-fotografii-fotografia-artystyczna\/dostawa-galeria-fotografii\/\" \/>\n<meta property=\"og:site_name\" content=\"Marzena Walczak Photography\" \/>\n<meta property=\"article:modified_time\" content=\"2024-10-24T17:21:21+00:00\" \/>\n<meta name=\"twitter:card\" content=\"summary_large_image\" \/>\n<meta name=\"twitter:label1\" content=\"Est. reading time\" \/>\n\t<meta name=\"twitter:data1\" content=\"1 minute\" \/>\n<script type=\"application\/ld+json\" class=\"yoast-schema-graph\">{\"@context\":\"https:\\\/\\\/schema.org\",\"@graph\":[{\"@type\":\"WebPage\",\"@id\":\"https:\\\/\\\/marzenawalczak.com\\\/galeria-fotografii-fotografia-artystyczna\\\/dostawa-galeria-fotografii\\\/\",\"url\":\"https:\\\/\\\/marzenawalczak.com\\\/galeria-fotografii-fotografia-artystyczna\\\/dostawa-galeria-fotografii\\\/\",\"name\":\"dostawa - galeria fotografii Marzeny Walczak\",\"isPartOf\":{\"@id\":\"https:\\\/\\\/marzenawalczak.com\\\/#website\"},\"datePublished\":\"2021-12-07T19:47:21+00:00\",\"dateModified\":\"2024-10-24T17:21:21+00:00\",\"description\":\"Dostawa - wydruki - przyroda w kadrach makro. Chwila zachwytu nad \u015bwiatem, kt\u00f3ry trudno dostrzec. Fotografie do wystroju wn\u0119trz.\",\"breadcrumb\":{\"@id\":\"https:\\\/\\\/marzenawalczak.com\\\/galeria-fotografii-fotografia-artystyczna\\\/dostawa-galeria-fotografii\\\/#breadcrumb\"},\"inLanguage\":\"en-US\",\"potentialAction\":[{\"@type\":\"ReadAction\",\"target\":[\"https:\\\/\\\/marzenawalczak.com\\\/galeria-fotografii-fotografia-artystyczna\\\/dostawa-galeria-fotografii\\\/\"]}]},{\"@type\":\"BreadcrumbList\",\"@id\":\"https:\\\/\\\/marzenawalczak.com\\\/galeria-fotografii-fotografia-artystyczna\\\/dostawa-galeria-fotografii\\\/#breadcrumb\",\"itemListElement\":[{\"@type\":\"ListItem\",\"position\":1,\"name\":\"Strona g\u0142\u00f3wna\",\"item\":\"https:\\\/\\\/marzenawalczak.com\\\/en\\\/\"},{\"@type\":\"ListItem\",\"position\":2,\"name\":\"Przydatne informacje\",\"item\":\"https:\\\/\\\/marzenawalczak.com\\\/galeria-fotografii-fotografia-artystyczna\\\/\"},{\"@type\":\"ListItem\",\"position\":3,\"name\":\"Dostawa\"}]},{\"@type\":\"WebSite\",\"@id\":\"https:\\\/\\\/marzenawalczak.com\\\/#website\",\"url\":\"https:\\\/\\\/marzenawalczak.com\\\/\",\"name\":\"Marzena Walczak Photography\",\"description\":\"Galeria artystyczna\",\"publisher\":{\"@id\":\"https:\\\/\\\/marzenawalczak.com\\\/#organization\"},\"potentialAction\":[{\"@type\":\"SearchAction\",\"target\":{\"@type\":\"EntryPoint\",\"urlTemplate\":\"https:\\\/\\\/marzenawalczak.com\\\/?s={search_term_string}\"},\"query-input\":{\"@type\":\"PropertyValueSpecification\",\"valueRequired\":true,\"valueName\":\"search_term_string\"}}],\"inLanguage\":\"en-US\"},{\"@type\":\"Organization\",\"@id\":\"https:\\\/\\\/marzenawalczak.com\\\/#organization\",\"name\":\"Marzena Walczak photography\",\"url\":\"https:\\\/\\\/marzenawalczak.com\\\/\",\"logo\":{\"@type\":\"ImageObject\",\"inLanguage\":\"en-US\",\"@id\":\"https:\\\/\\\/marzenawalczak.com\\\/#\\\/schema\\\/logo\\\/image\\\/\",\"url\":\"https:\\\/\\\/marzenawalczak.com\\\/wp-content\\\/uploads\\\/2022\\\/07\\\/DSC_0210.jpg\",\"contentUrl\":\"https:\\\/\\\/marzenawalczak.com\\\/wp-content\\\/uploads\\\/2022\\\/07\\\/DSC_0210.jpg\",\"width\":1800,\"height\":1207,\"caption\":\"Marzena Walczak photography\"},\"image\":{\"@id\":\"https:\\\/\\\/marzenawalczak.com\\\/#\\\/schema\\\/logo\\\/image\\\/\"},\"sameAs\":[\"https:\\\/\\\/www.instagram.com\\\/marzenawalczak_com\\\/\"]}]}<\/script>\n<!-- \/ Yoast SEO plugin. -->","yoast_head_json":{"title":"dostawa - galeria fotografii Marzeny Walczak","description":"Dostawa - wydruki - przyroda w kadrach makro. Chwila zachwytu nad \u015bwiatem, kt\u00f3ry trudno dostrzec. Fotografie do wystroju wn\u0119trz.","robots":{"index":"index","follow":"follow","max-snippet":"max-snippet:-1","max-image-preview":"max-image-preview:large","max-video-preview":"max-video-preview:-1"},"canonical":"https:\/\/marzenawalczak.com\/en\/galeria-fotografii-fotografia-artystyczna\/dostawa-galeria-fotografii\/","og_locale":"en_US","og_type":"article","og_title":"[:pl]dostawa - galeria fotografii Marzeny Walczak[:]","og_description":"[:pl]Dostawa - wydruki - przyroda w kadrach makro. Chwila zachwytu nad \u015bwiatem, kt\u00f3ry trudno dostrzec. Fotografie do wystroju wn\u0119trz.[:]","og_url":"https:\/\/marzenawalczak.com\/en\/galeria-fotografii-fotografia-artystyczna\/dostawa-galeria-fotografii\/","og_site_name":"Marzena Walczak Photography","article_modified_time":"2024-10-24T17:21:21+00:00","twitter_card":"summary_large_image","twitter_misc":{"Est. reading time":"1 minute"},"schema":{"@context":"https:\/\/schema.org","@graph":[{"@type":"WebPage","@id":"https:\/\/marzenawalczak.com\/galeria-fotografii-fotografia-artystyczna\/dostawa-galeria-fotografii\/","url":"https:\/\/marzenawalczak.com\/galeria-fotografii-fotografia-artystyczna\/dostawa-galeria-fotografii\/","name":"dostawa - galeria fotografii Marzeny Walczak","isPartOf":{"@id":"https:\/\/marzenawalczak.com\/#website"},"datePublished":"2021-12-07T19:47:21+00:00","dateModified":"2024-10-24T17:21:21+00:00","description":"Dostawa - wydruki - przyroda w kadrach makro. Chwila zachwytu nad \u015bwiatem, kt\u00f3ry trudno dostrzec. Fotografie do wystroju wn\u0119trz.","breadcrumb":{"@id":"https:\/\/marzenawalczak.com\/galeria-fotografii-fotografia-artystyczna\/dostawa-galeria-fotografii\/#breadcrumb"},"inLanguage":"en-US","potentialAction":[{"@type":"ReadAction","target":["https:\/\/marzenawalczak.com\/galeria-fotografii-fotografia-artystyczna\/dostawa-galeria-fotografii\/"]}]},{"@type":"BreadcrumbList","@id":"https:\/\/marzenawalczak.com\/galeria-fotografii-fotografia-artystyczna\/dostawa-galeria-fotografii\/#breadcrumb","itemListElement":[{"@type":"ListItem","position":1,"name":"Strona g\u0142\u00f3wna","item":"https:\/\/marzenawalczak.com\/en\/"},{"@type":"ListItem","position":2,"name":"Przydatne informacje","item":"https:\/\/marzenawalczak.com\/galeria-fotografii-fotografia-artystyczna\/"},{"@type":"ListItem","position":3,"name":"Dostawa"}]},{"@type":"WebSite","@id":"https:\/\/marzenawalczak.com\/#website","url":"https:\/\/marzenawalczak.com\/","name":"Marzena Walczak Photography","description":"Galeria artystyczna","publisher":{"@id":"https:\/\/marzenawalczak.com\/#organization"},"potentialAction":[{"@type":"SearchAction","target":{"@type":"EntryPoint","urlTemplate":"https:\/\/marzenawalczak.com\/?s={search_term_string}"},"query-input":{"@type":"PropertyValueSpecification","valueRequired":true,"valueName":"search_term_string"}}],"inLanguage":"en-US"},{"@type":"Organization","@id":"https:\/\/marzenawalczak.com\/#organization","name":"Marzena Walczak photography","url":"https:\/\/marzenawalczak.com\/","logo":{"@type":"ImageObject","inLanguage":"en-US","@id":"https:\/\/marzenawalczak.com\/#\/schema\/logo\/image\/","url":"https:\/\/marzenawalczak.com\/wp-content\/uploads\/2022\/07\/DSC_0210.jpg","contentUrl":"https:\/\/marzenawalczak.com\/wp-content\/uploads\/2022\/07\/DSC_0210.jpg","width":1800,"height":1207,"caption":"Marzena Walczak photography"},"image":{"@id":"https:\/\/marzenawalczak.com\/#\/schema\/logo\/image\/"},"sameAs":["https:\/\/www.instagram.com\/marzenawalczak_com\/"]}]}},"_links":{"self":[{"href":"https:\/\/marzenawalczak.com\/en\/wp-json\/wp\/v2\/pages\/161","targetHints":{"allow":["GET"]}}],"collection":[{"href":"https:\/\/marzenawalczak.com\/en\/wp-json\/wp\/v2\/pages"}],"about":[{"href":"https:\/\/marzenawalczak.com\/en\/wp-json\/wp\/v2\/types\/page"}],"author":[{"embeddable":true,"href":"https:\/\/marzenawalczak.com\/en\/wp-json\/wp\/v2\/users\/1"}],"replies":[{"embeddable":true,"href":"https:\/\/marzenawalczak.com\/en\/wp-json\/wp\/v2\/comments?post=161"}],"version-history":[{"count":15,"href":"https:\/\/marzenawalczak.com\/en\/wp-json\/wp\/v2\/pages\/161\/revisions"}],"predecessor-version":[{"id":1060,"href":"https:\/\/marzenawalczak.com\/en\/wp-json\/wp\/v2\/pages\/161\/revisions\/1060"}],"up":[{"embeddable":true,"href":"https:\/\/marzenawalczak.com\/en\/wp-json\/wp\/v2\/pages\/141"}],"wp:attachment":[{"href":"https:\/\/marzenawalczak.com\/en\/wp-json\/wp\/v2\/media?parent=161"}],"curies":[{"name":"wp","href":"https:\/\/api.w.org\/{rel}","templated":true}]}}