{"id":6,"date":"2021-11-16T14:00:00","date_gmt":"2021-11-16T13:00:00","guid":{"rendered":"http:\/\/nowator.home.pl\/Mw\/?page_id=6"},"modified":"2025-03-21T14:25:29","modified_gmt":"2025-03-21T13:25:29","slug":"moje-fotografowanie","status":"publish","type":"page","link":"https:\/\/marzenawalczak.com\/en\/moje-fotografowanie\/","title":{"rendered":"About me"},"content":{"rendered":"\n<p><\/p>\n\n\n\n<p>Artistic Photography &#8211; the Beauty of Nature.<\/p>\n\n\n\n<p><\/p>\n\n\n\n<p>A ray of sunshine that pierces through the foliage and finds an inconspicuous, blue flower timidly emerging from last year&#8217;s withered leaves. Hepatica, perhaps the first this spring. Will anyone notice? Will anyone enjoy it?<\/p>\n\n\n\n<p>We are rushing through life faster and faster. There are so many things that cannot wait. Will we manage to do it all? There is so much ugliness in our world, dominated by grayness and mediocrity. And so much beauty, we pass by without even noticing it.<\/p>\n\n\n\n<p>A delicate blue hepatica touched by the first warm sunbeam. A saturated yellow marigold amidst the intense spring greenery. Fluffy catkins on a willow tree in a gentle breeze, a little bird with its ruffled feathers carrying a caterpillar in its beak. A magnificent magnolia flower in various shades of pink, carmine and ruby, round cotoneaster leaves with an elegant white border of tiny crystal frost, a filigree, intricately carved snowflake.<\/p>\n\n\n\n<p>All of this is our reality too. Right next to you and for you. Stop for a moment. Look around, notice, let yourself be amazed.<\/p>\n\n\n\n<p>At the same time, it is an ephemeral, fleeting, fragile, and delicate reality. It is here now, but it will be gone in a moment.<\/p>\n\n\n\n<p>Don&#8217;t miss it. Make good use of your time on Earth &#8211; admire its mastery, marvel at its beauty, allow yourself to be moved.<\/p>\n\n\n\n<p>Photography has been my passion for many years. I have always been fascinated by the ability to capture and freeze in an image the transient, fleeting reality using a camera.<\/p>\n","protected":false},"excerpt":{"rendered":"<p>Artistic Photography &#8211; the Beauty of Nature. A ray of sunshine that pierces through the foliage and finds an inconspicuous, blue flower timidly emerging from last year&#8217;s withered leaves. Hepatica, perhaps the first this spring. Will anyone notice? Will anyone enjoy it? We are rushing through life faster and faster. There are so many things [&hellip;]<\/p>\n","protected":false},"author":1,"featured_media":0,"parent":0,"menu_order":0,"comment_status":"closed","ping_status":"closed","template":"pagetemplate-about.php","meta":{"_acf_changed":false,"footnotes":""},"class_list":["post-6","page","type-page","status-publish","hentry"],"acf":[],"yoast_head":"<!-- This site is optimized with the Yoast SEO plugin v27.5 - https:\/\/yoast.com\/product\/yoast-seo-wordpress\/ -->\n<title>fotografia artystyczna - pi\u0119kno natury<\/title>\n<meta name=\"description\" content=\"Fotografia artystyczna - pi\u0119kno natury w skali makro. Chwila zachwytu nad \u015bwiatem, kt\u00f3ry trudno dostrzec. Zdj\u0119cia do wystroju wn\u0119trz.\" \/>\n<meta name=\"robots\" content=\"index, follow, max-snippet:-1, max-image-preview:large, max-video-preview:-1\" \/>\n<link rel=\"canonical\" href=\"https:\/\/marzenawalczak.com\/en\/moje-fotografowanie\/\" \/>\n<meta property=\"og:locale\" content=\"en_US\" \/>\n<meta property=\"og:locale:alternate\" content=\"pl_PL\" \/>\n<meta property=\"og:locale:alternate\" content=\"fr_FR\" \/>\n<meta property=\"og:type\" content=\"article\" \/>\n<meta property=\"og:title\" content=\"fotografia artystyczna - pi\u0119kno natury\" \/>\n<meta property=\"og:description\" content=\"Fotografia artystyczna - pi\u0119kno natury w skali makro. Chwila zachwytu nad \u015bwiatem, kt\u00f3ry trudno dostrzec. Zdj\u0119cia do wystroju wn\u0119trz.\" \/>\n<meta property=\"og:url\" content=\"https:\/\/marzenawalczak.com\/en\/moje-fotografowanie\/\" \/>\n<meta property=\"og:site_name\" content=\"Marzena Walczak Photography\" \/>\n<meta property=\"article:modified_time\" content=\"2025-03-21T13:25:29+00:00\" \/>\n<meta name=\"twitter:card\" content=\"summary_large_image\" \/>\n<meta name=\"twitter:label1\" content=\"Est. reading time\" \/>\n\t<meta name=\"twitter:data1\" content=\"2 minutes\" \/>\n<script type=\"application\/ld+json\" class=\"yoast-schema-graph\">{\"@context\":\"https:\\\/\\\/schema.org\",\"@graph\":[{\"@type\":\"WebPage\",\"@id\":\"https:\\\/\\\/marzenawalczak.com\\\/en\\\/moje-fotografowanie\\\/\",\"url\":\"https:\\\/\\\/marzenawalczak.com\\\/en\\\/moje-fotografowanie\\\/\",\"name\":\"fotografia artystyczna - pi\u0119kno natury\",\"isPartOf\":{\"@id\":\"https:\\\/\\\/marzenawalczak.com\\\/#website\"},\"datePublished\":\"2021-11-16T13:00:00+00:00\",\"dateModified\":\"2025-03-21T13:25:29+00:00\",\"description\":\"Fotografia artystyczna - pi\u0119kno natury w skali makro. Chwila zachwytu nad \u015bwiatem, kt\u00f3ry trudno dostrzec. Zdj\u0119cia do wystroju wn\u0119trz.\",\"breadcrumb\":{\"@id\":\"https:\\\/\\\/marzenawalczak.com\\\/en\\\/moje-fotografowanie\\\/#breadcrumb\"},\"inLanguage\":\"en-US\",\"potentialAction\":[{\"@type\":\"ReadAction\",\"target\":[\"https:\\\/\\\/marzenawalczak.com\\\/en\\\/moje-fotografowanie\\\/\"]}]},{\"@type\":\"BreadcrumbList\",\"@id\":\"https:\\\/\\\/marzenawalczak.com\\\/en\\\/moje-fotografowanie\\\/#breadcrumb\",\"itemListElement\":[{\"@type\":\"ListItem\",\"position\":1,\"name\":\"Strona g\u0142\u00f3wna\",\"item\":\"https:\\\/\\\/marzenawalczak.com\\\/en\\\/\"},{\"@type\":\"ListItem\",\"position\":2,\"name\":\"About me\"}]},{\"@type\":\"WebSite\",\"@id\":\"https:\\\/\\\/marzenawalczak.com\\\/#website\",\"url\":\"https:\\\/\\\/marzenawalczak.com\\\/\",\"name\":\"Marzena Walczak Photography\",\"description\":\"Galeria artystyczna\",\"publisher\":{\"@id\":\"https:\\\/\\\/marzenawalczak.com\\\/#organization\"},\"potentialAction\":[{\"@type\":\"SearchAction\",\"target\":{\"@type\":\"EntryPoint\",\"urlTemplate\":\"https:\\\/\\\/marzenawalczak.com\\\/?s={search_term_string}\"},\"query-input\":{\"@type\":\"PropertyValueSpecification\",\"valueRequired\":true,\"valueName\":\"search_term_string\"}}],\"inLanguage\":\"en-US\"},{\"@type\":\"Organization\",\"@id\":\"https:\\\/\\\/marzenawalczak.com\\\/#organization\",\"name\":\"Marzena Walczak photography\",\"url\":\"https:\\\/\\\/marzenawalczak.com\\\/\",\"logo\":{\"@type\":\"ImageObject\",\"inLanguage\":\"en-US\",\"@id\":\"https:\\\/\\\/marzenawalczak.com\\\/#\\\/schema\\\/logo\\\/image\\\/\",\"url\":\"https:\\\/\\\/marzenawalczak.com\\\/wp-content\\\/uploads\\\/2022\\\/07\\\/DSC_0210.jpg\",\"contentUrl\":\"https:\\\/\\\/marzenawalczak.com\\\/wp-content\\\/uploads\\\/2022\\\/07\\\/DSC_0210.jpg\",\"width\":1800,\"height\":1207,\"caption\":\"Marzena Walczak photography\"},\"image\":{\"@id\":\"https:\\\/\\\/marzenawalczak.com\\\/#\\\/schema\\\/logo\\\/image\\\/\"},\"sameAs\":[\"https:\\\/\\\/www.instagram.com\\\/marzenawalczak_com\\\/\"]}]}<\/script>\n<!-- \/ Yoast SEO plugin. -->","yoast_head_json":{"title":"fotografia artystyczna - pi\u0119kno natury","description":"Fotografia artystyczna - pi\u0119kno natury w skali makro. Chwila zachwytu nad \u015bwiatem, kt\u00f3ry trudno dostrzec. Zdj\u0119cia do wystroju wn\u0119trz.","robots":{"index":"index","follow":"follow","max-snippet":"max-snippet:-1","max-image-preview":"max-image-preview:large","max-video-preview":"max-video-preview:-1"},"canonical":"https:\/\/marzenawalczak.com\/en\/moje-fotografowanie\/","og_locale":"en_US","og_type":"article","og_title":"[:pl]fotografia artystyczna - pi\u0119kno natury[:]","og_description":"[:pl]Fotografia artystyczna - pi\u0119kno natury w skali makro. Chwila zachwytu nad \u015bwiatem, kt\u00f3ry trudno dostrzec. Zdj\u0119cia do wystroju wn\u0119trz.[:]","og_url":"https:\/\/marzenawalczak.com\/en\/moje-fotografowanie\/","og_site_name":"Marzena Walczak Photography","article_modified_time":"2025-03-21T13:25:29+00:00","twitter_card":"summary_large_image","twitter_misc":{"Est. reading time":"2 minutes"},"schema":{"@context":"https:\/\/schema.org","@graph":[{"@type":"WebPage","@id":"https:\/\/marzenawalczak.com\/en\/moje-fotografowanie\/","url":"https:\/\/marzenawalczak.com\/en\/moje-fotografowanie\/","name":"fotografia artystyczna - pi\u0119kno natury","isPartOf":{"@id":"https:\/\/marzenawalczak.com\/#website"},"datePublished":"2021-11-16T13:00:00+00:00","dateModified":"2025-03-21T13:25:29+00:00","description":"Fotografia artystyczna - pi\u0119kno natury w skali makro. Chwila zachwytu nad \u015bwiatem, kt\u00f3ry trudno dostrzec. Zdj\u0119cia do wystroju wn\u0119trz.","breadcrumb":{"@id":"https:\/\/marzenawalczak.com\/en\/moje-fotografowanie\/#breadcrumb"},"inLanguage":"en-US","potentialAction":[{"@type":"ReadAction","target":["https:\/\/marzenawalczak.com\/en\/moje-fotografowanie\/"]}]},{"@type":"BreadcrumbList","@id":"https:\/\/marzenawalczak.com\/en\/moje-fotografowanie\/#breadcrumb","itemListElement":[{"@type":"ListItem","position":1,"name":"Strona g\u0142\u00f3wna","item":"https:\/\/marzenawalczak.com\/en\/"},{"@type":"ListItem","position":2,"name":"About me"}]},{"@type":"WebSite","@id":"https:\/\/marzenawalczak.com\/#website","url":"https:\/\/marzenawalczak.com\/","name":"Marzena Walczak Photography","description":"Galeria artystyczna","publisher":{"@id":"https:\/\/marzenawalczak.com\/#organization"},"potentialAction":[{"@type":"SearchAction","target":{"@type":"EntryPoint","urlTemplate":"https:\/\/marzenawalczak.com\/?s={search_term_string}"},"query-input":{"@type":"PropertyValueSpecification","valueRequired":true,"valueName":"search_term_string"}}],"inLanguage":"en-US"},{"@type":"Organization","@id":"https:\/\/marzenawalczak.com\/#organization","name":"Marzena Walczak photography","url":"https:\/\/marzenawalczak.com\/","logo":{"@type":"ImageObject","inLanguage":"en-US","@id":"https:\/\/marzenawalczak.com\/#\/schema\/logo\/image\/","url":"https:\/\/marzenawalczak.com\/wp-content\/uploads\/2022\/07\/DSC_0210.jpg","contentUrl":"https:\/\/marzenawalczak.com\/wp-content\/uploads\/2022\/07\/DSC_0210.jpg","width":1800,"height":1207,"caption":"Marzena Walczak photography"},"image":{"@id":"https:\/\/marzenawalczak.com\/#\/schema\/logo\/image\/"},"sameAs":["https:\/\/www.instagram.com\/marzenawalczak_com\/"]}]}},"_links":{"self":[{"href":"https:\/\/marzenawalczak.com\/en\/wp-json\/wp\/v2\/pages\/6","targetHints":{"allow":["GET"]}}],"collection":[{"href":"https:\/\/marzenawalczak.com\/en\/wp-json\/wp\/v2\/pages"}],"about":[{"href":"https:\/\/marzenawalczak.com\/en\/wp-json\/wp\/v2\/types\/page"}],"author":[{"embeddable":true,"href":"https:\/\/marzenawalczak.com\/en\/wp-json\/wp\/v2\/users\/1"}],"replies":[{"embeddable":true,"href":"https:\/\/marzenawalczak.com\/en\/wp-json\/wp\/v2\/comments?post=6"}],"version-history":[{"count":14,"href":"https:\/\/marzenawalczak.com\/en\/wp-json\/wp\/v2\/pages\/6\/revisions"}],"predecessor-version":[{"id":1064,"href":"https:\/\/marzenawalczak.com\/en\/wp-json\/wp\/v2\/pages\/6\/revisions\/1064"}],"wp:attachment":[{"href":"https:\/\/marzenawalczak.com\/en\/wp-json\/wp\/v2\/media?parent=6"}],"curies":[{"name":"wp","href":"https:\/\/api.w.org\/{rel}","templated":true}]}}