{"id":259,"date":"2021-12-21T10:53:02","date_gmt":"2021-12-21T09:53:02","guid":{"rendered":"http:\/\/marzenawalczak.com\/?post_type=product&#038;p=259"},"modified":"2023-10-11T10:57:04","modified_gmt":"2023-10-11T09:57:04","slug":"miniaturowe-kwiatuszki-w-szafirowej-glebi","status":"publish","type":"product","link":"https:\/\/marzenawalczak.com\/fr\/produkt\/miniaturowe-kwiatuszki-w-szafirowej-glebi\/","title":{"rendered":"szafirowy mira\u017c"},"content":{"rendered":"<p>Miniaturowe kwiatuszki w szafirowej g\u0142\u0119bi.<\/p>\n<p>Urzekaj\u0105ca kolorystyka tego obrazu i poszczeg\u00f3lne plany sprawiaj\u0105 wra\u017cenie ogromu i przestrzeni. W rzeczywisto\u015bci kadr ma kilka centymetr\u00f3w, a kwiat zaledwie 3-4 milimetry.<\/p>\n<p>Paleta barw od ciemnozielonego do granatu fascynuje swoim nasyceniem oraz ogromnym bogactwem tonalnym. W tej scenerii jakby zawieszone w przestrzeni niepozorne, o\u015bwietlone ostatnimi promieniami s\u0142o\u0144ca, miniaturowe, delikatne, kremowe kwiateczki.<\/p>\n<p><a href=\"https:\/\/marzenawalczak.com\/produkt\/pierwszy-poranny-promyk\/\">Poranne promienie<\/a> s\u0142oneczne r\u00f3wnie\u017c maluj\u0105 pi\u0119kne obrazy, wydobywaj\u0105c z cienia male\u0144kie cuda natury.<\/p>\n<p>&nbsp;<\/p>\n","protected":false},"excerpt":{"rendered":"<p>Obrazy w skali makro potrafi\u0105 zaskakiwa\u0107.<\/p>\n","protected":false},"featured_media":699,"template":"","meta":{"_acf_changed":false},"product_brand":[],"product_cat":[16],"product_tag":[231,76,188,232,83,87,86,55,84,81,88,85,82,60],"class_list":{"0":"post-259","1":"product","2":"type-product","3":"status-publish","4":"has-post-thumbnail","6":"product_cat-bez-kategorii","7":"product_tag-art-photography","8":"product_tag-barwny","9":"product_tag-do-wystroju-wnetrz","10":"product_tag-for-interior-design","11":"product_tag-makro","12":"product_tag-malenki","13":"product_tag-miniaturowy","14":"product_tag-niebieski","15":"product_tag-niebieskozielony","16":"product_tag-przyroda","17":"product_tag-swiatlo-i-cien","18":"product_tag-szafir","19":"product_tag-szafirowy","20":"product_tag-wielobarwny","21":"product_shipping_class-polska","23":"first","24":"onbackorder","25":"shipping-taxable","26":"purchasable","27":"product-type-variable"},"acf":[],"yoast_head":"<!-- This site is optimized with the Yoast SEO plugin v27.5 - https:\/\/yoast.com\/product\/yoast-seo-wordpress\/ -->\n<title>szafirowy mira\u017c<\/title>\n<meta name=\"description\" content=\"Miniaturowe kwiatuszki w szafirowej g\u0142\u0119bi. Detale przyrody w makro. Chwila zachwytu nad \u015bwiatem kt\u00f3ry trudno dostrzec. Zdj\u0119cia do wystroju wn\u0119trz.\" \/>\n<meta name=\"robots\" content=\"index, follow, max-snippet:-1, max-image-preview:large, max-video-preview:-1\" \/>\n<link rel=\"canonical\" href=\"https:\/\/marzenawalczak.com\/fr\/produkt\/miniaturowe-kwiatuszki-w-szafirowej-glebi\/\" \/>\n<meta property=\"og:locale\" content=\"fr_FR\" \/>\n<meta property=\"og:locale:alternate\" content=\"pl_PL\" \/>\n<meta property=\"og:locale:alternate\" content=\"en_US\" \/>\n<meta property=\"og:type\" content=\"article\" \/>\n<meta property=\"og:title\" content=\"szafirowy mira\u017c\" \/>\n<meta property=\"og:description\" content=\"Miniaturowe kwiatuszki w szafirowej g\u0142\u0119bi. Detale przyrody w makro. Chwila zachwytu nad \u015bwiatem kt\u00f3ry trudno dostrzec. Zdj\u0119cia do wystroju wn\u0119trz.\" \/>\n<meta property=\"og:url\" content=\"https:\/\/marzenawalczak.com\/fr\/produkt\/miniaturowe-kwiatuszki-w-szafirowej-glebi\/\" \/>\n<meta property=\"og:site_name\" content=\"Marzena Walczak Photography\" \/>\n<meta property=\"article:modified_time\" content=\"2023-10-11T09:57:04+00:00\" \/>\n<meta property=\"og:image\" content=\"https:\/\/marzenawalczak.com\/wp-content\/uploads\/2021\/12\/szafirowy-miraz.jpg\" \/>\n\t<meta property=\"og:image:width\" content=\"2000\" \/>\n\t<meta property=\"og:image:height\" content=\"1325\" \/>\n\t<meta property=\"og:image:type\" content=\"image\/jpeg\" \/>\n<meta name=\"twitter:card\" content=\"summary_large_image\" \/>\n<meta name=\"twitter:label1\" content=\"Dur\u00e9e de lecture estim\u00e9e\" \/>\n\t<meta name=\"twitter:data1\" content=\"1 minute\" \/>\n<script type=\"application\/ld+json\" class=\"yoast-schema-graph\">{\"@context\":\"https:\\\/\\\/schema.org\",\"@graph\":[{\"@type\":\"WebPage\",\"@id\":\"https:\\\/\\\/marzenawalczak.com\\\/produkt\\\/miniaturowe-kwiatuszki-w-szafirowej-glebi\\\/\",\"url\":\"https:\\\/\\\/marzenawalczak.com\\\/produkt\\\/miniaturowe-kwiatuszki-w-szafirowej-glebi\\\/\",\"name\":\"szafirowy mira\u017c\",\"isPartOf\":{\"@id\":\"https:\\\/\\\/marzenawalczak.com\\\/#website\"},\"primaryImageOfPage\":{\"@id\":\"https:\\\/\\\/marzenawalczak.com\\\/produkt\\\/miniaturowe-kwiatuszki-w-szafirowej-glebi\\\/#primaryimage\"},\"image\":{\"@id\":\"https:\\\/\\\/marzenawalczak.com\\\/produkt\\\/miniaturowe-kwiatuszki-w-szafirowej-glebi\\\/#primaryimage\"},\"thumbnailUrl\":\"https:\\\/\\\/marzenawalczak.com\\\/wp-content\\\/uploads\\\/2021\\\/12\\\/szafirowy-miraz.jpg\",\"datePublished\":\"2021-12-21T09:53:02+00:00\",\"dateModified\":\"2023-10-11T09:57:04+00:00\",\"description\":\"Miniaturowe kwiatuszki w szafirowej g\u0142\u0119bi. Detale przyrody w makro. Chwila zachwytu nad \u015bwiatem kt\u00f3ry trudno dostrzec. Zdj\u0119cia do wystroju wn\u0119trz.\",\"breadcrumb\":{\"@id\":\"https:\\\/\\\/marzenawalczak.com\\\/produkt\\\/miniaturowe-kwiatuszki-w-szafirowej-glebi\\\/#breadcrumb\"},\"inLanguage\":\"fr-FR\",\"potentialAction\":[{\"@type\":\"ReadAction\",\"target\":[\"https:\\\/\\\/marzenawalczak.com\\\/produkt\\\/miniaturowe-kwiatuszki-w-szafirowej-glebi\\\/\"]}]},{\"@type\":\"ImageObject\",\"inLanguage\":\"fr-FR\",\"@id\":\"https:\\\/\\\/marzenawalczak.com\\\/produkt\\\/miniaturowe-kwiatuszki-w-szafirowej-glebi\\\/#primaryimage\",\"url\":\"https:\\\/\\\/marzenawalczak.com\\\/wp-content\\\/uploads\\\/2021\\\/12\\\/szafirowy-miraz.jpg\",\"contentUrl\":\"https:\\\/\\\/marzenawalczak.com\\\/wp-content\\\/uploads\\\/2021\\\/12\\\/szafirowy-miraz.jpg\",\"width\":2000,\"height\":1325,\"caption\":\"Miniaturowe kwiatuszki w szafirowej g\u0142\u0119bi. \u015awiat\u0142o i cie\u0144. Fotografia artystyczna.\"},{\"@type\":\"BreadcrumbList\",\"@id\":\"https:\\\/\\\/marzenawalczak.com\\\/produkt\\\/miniaturowe-kwiatuszki-w-szafirowej-glebi\\\/#breadcrumb\",\"itemListElement\":[{\"@type\":\"ListItem\",\"position\":1,\"name\":\"Strona g\u0142\u00f3wna\",\"item\":\"https:\\\/\\\/marzenawalczak.com\\\/en\\\/\"},{\"@type\":\"ListItem\",\"position\":2,\"name\":\"Portfolio\",\"item\":\"https:\\\/\\\/marzenawalczak.com\\\/portfolio-przyroda-w-skali-makro\\\/\"},{\"@type\":\"ListItem\",\"position\":3,\"name\":\"szafirowy mira\u017c\"}]},{\"@type\":\"WebSite\",\"@id\":\"https:\\\/\\\/marzenawalczak.com\\\/#website\",\"url\":\"https:\\\/\\\/marzenawalczak.com\\\/\",\"name\":\"Marzena Walczak Photography\",\"description\":\"Galeria artystyczna\",\"publisher\":{\"@id\":\"https:\\\/\\\/marzenawalczak.com\\\/#organization\"},\"potentialAction\":[{\"@type\":\"SearchAction\",\"target\":{\"@type\":\"EntryPoint\",\"urlTemplate\":\"https:\\\/\\\/marzenawalczak.com\\\/?s={search_term_string}\"},\"query-input\":{\"@type\":\"PropertyValueSpecification\",\"valueRequired\":true,\"valueName\":\"search_term_string\"}}],\"inLanguage\":\"fr-FR\"},{\"@type\":\"Organization\",\"@id\":\"https:\\\/\\\/marzenawalczak.com\\\/#organization\",\"name\":\"Marzena Walczak photography\",\"url\":\"https:\\\/\\\/marzenawalczak.com\\\/\",\"logo\":{\"@type\":\"ImageObject\",\"inLanguage\":\"fr-FR\",\"@id\":\"https:\\\/\\\/marzenawalczak.com\\\/#\\\/schema\\\/logo\\\/image\\\/\",\"url\":\"https:\\\/\\\/marzenawalczak.com\\\/wp-content\\\/uploads\\\/2022\\\/07\\\/DSC_0210.jpg\",\"contentUrl\":\"https:\\\/\\\/marzenawalczak.com\\\/wp-content\\\/uploads\\\/2022\\\/07\\\/DSC_0210.jpg\",\"width\":1800,\"height\":1207,\"caption\":\"Marzena Walczak photography\"},\"image\":{\"@id\":\"https:\\\/\\\/marzenawalczak.com\\\/#\\\/schema\\\/logo\\\/image\\\/\"},\"sameAs\":[\"https:\\\/\\\/www.instagram.com\\\/marzenawalczak_com\\\/\"]}]}<\/script>\n<!-- \/ Yoast SEO plugin. -->","yoast_head_json":{"title":"szafirowy mira\u017c","description":"Miniaturowe kwiatuszki w szafirowej g\u0142\u0119bi. Detale przyrody w makro. Chwila zachwytu nad \u015bwiatem kt\u00f3ry trudno dostrzec. Zdj\u0119cia do wystroju wn\u0119trz.","robots":{"index":"index","follow":"follow","max-snippet":"max-snippet:-1","max-image-preview":"max-image-preview:large","max-video-preview":"max-video-preview:-1"},"canonical":"https:\/\/marzenawalczak.com\/fr\/produkt\/miniaturowe-kwiatuszki-w-szafirowej-glebi\/","og_locale":"fr_FR","og_type":"article","og_title":"[:pl]szafirowy mira\u017c[:en]szafirowy mira\u017c[:] &#8211; Marzena Walczak Photography","og_description":"Miniaturowe kwiatuszki w szafirowej g\u0142\u0119bi. Detale przyrody w makro. Chwila zachwytu nad \u015bwiatem kt\u00f3ry trudno dostrzec. Zdj\u0119cia do wystroju wn\u0119trz.","og_url":"https:\/\/marzenawalczak.com\/fr\/produkt\/miniaturowe-kwiatuszki-w-szafirowej-glebi\/","og_site_name":"Marzena Walczak Photography","article_modified_time":"2023-10-11T09:57:04+00:00","og_image":[{"width":2000,"height":1325,"url":"https:\/\/marzenawalczak.com\/wp-content\/uploads\/2021\/12\/szafirowy-miraz.jpg","type":"image\/jpeg"}],"twitter_card":"summary_large_image","twitter_misc":{"Dur\u00e9e de lecture estim\u00e9e":"1 minute"},"schema":{"@context":"https:\/\/schema.org","@graph":[{"@type":"WebPage","@id":"https:\/\/marzenawalczak.com\/produkt\/miniaturowe-kwiatuszki-w-szafirowej-glebi\/","url":"https:\/\/marzenawalczak.com\/produkt\/miniaturowe-kwiatuszki-w-szafirowej-glebi\/","name":"szafirowy mira\u017c","isPartOf":{"@id":"https:\/\/marzenawalczak.com\/#website"},"primaryImageOfPage":{"@id":"https:\/\/marzenawalczak.com\/produkt\/miniaturowe-kwiatuszki-w-szafirowej-glebi\/#primaryimage"},"image":{"@id":"https:\/\/marzenawalczak.com\/produkt\/miniaturowe-kwiatuszki-w-szafirowej-glebi\/#primaryimage"},"thumbnailUrl":"https:\/\/marzenawalczak.com\/wp-content\/uploads\/2021\/12\/szafirowy-miraz.jpg","datePublished":"2021-12-21T09:53:02+00:00","dateModified":"2023-10-11T09:57:04+00:00","description":"Miniaturowe kwiatuszki w szafirowej g\u0142\u0119bi. Detale przyrody w makro. Chwila zachwytu nad \u015bwiatem kt\u00f3ry trudno dostrzec. Zdj\u0119cia do wystroju wn\u0119trz.","breadcrumb":{"@id":"https:\/\/marzenawalczak.com\/produkt\/miniaturowe-kwiatuszki-w-szafirowej-glebi\/#breadcrumb"},"inLanguage":"fr-FR","potentialAction":[{"@type":"ReadAction","target":["https:\/\/marzenawalczak.com\/produkt\/miniaturowe-kwiatuszki-w-szafirowej-glebi\/"]}]},{"@type":"ImageObject","inLanguage":"fr-FR","@id":"https:\/\/marzenawalczak.com\/produkt\/miniaturowe-kwiatuszki-w-szafirowej-glebi\/#primaryimage","url":"https:\/\/marzenawalczak.com\/wp-content\/uploads\/2021\/12\/szafirowy-miraz.jpg","contentUrl":"https:\/\/marzenawalczak.com\/wp-content\/uploads\/2021\/12\/szafirowy-miraz.jpg","width":2000,"height":1325,"caption":"Miniaturowe kwiatuszki w szafirowej g\u0142\u0119bi. \u015awiat\u0142o i cie\u0144. Fotografia artystyczna."},{"@type":"BreadcrumbList","@id":"https:\/\/marzenawalczak.com\/produkt\/miniaturowe-kwiatuszki-w-szafirowej-glebi\/#breadcrumb","itemListElement":[{"@type":"ListItem","position":1,"name":"Strona g\u0142\u00f3wna","item":"https:\/\/marzenawalczak.com\/en\/"},{"@type":"ListItem","position":2,"name":"Portfolio","item":"https:\/\/marzenawalczak.com\/portfolio-przyroda-w-skali-makro\/"},{"@type":"ListItem","position":3,"name":"szafirowy mira\u017c"}]},{"@type":"WebSite","@id":"https:\/\/marzenawalczak.com\/#website","url":"https:\/\/marzenawalczak.com\/","name":"Marzena Walczak Photography","description":"Galeria artystyczna","publisher":{"@id":"https:\/\/marzenawalczak.com\/#organization"},"potentialAction":[{"@type":"SearchAction","target":{"@type":"EntryPoint","urlTemplate":"https:\/\/marzenawalczak.com\/?s={search_term_string}"},"query-input":{"@type":"PropertyValueSpecification","valueRequired":true,"valueName":"search_term_string"}}],"inLanguage":"fr-FR"},{"@type":"Organization","@id":"https:\/\/marzenawalczak.com\/#organization","name":"Marzena Walczak photography","url":"https:\/\/marzenawalczak.com\/","logo":{"@type":"ImageObject","inLanguage":"fr-FR","@id":"https:\/\/marzenawalczak.com\/#\/schema\/logo\/image\/","url":"https:\/\/marzenawalczak.com\/wp-content\/uploads\/2022\/07\/DSC_0210.jpg","contentUrl":"https:\/\/marzenawalczak.com\/wp-content\/uploads\/2022\/07\/DSC_0210.jpg","width":1800,"height":1207,"caption":"Marzena Walczak photography"},"image":{"@id":"https:\/\/marzenawalczak.com\/#\/schema\/logo\/image\/"},"sameAs":["https:\/\/www.instagram.com\/marzenawalczak_com\/"]}]}},"_links":{"self":[{"href":"https:\/\/marzenawalczak.com\/fr\/wp-json\/wp\/v2\/product\/259","targetHints":{"allow":["GET"]}}],"collection":[{"href":"https:\/\/marzenawalczak.com\/fr\/wp-json\/wp\/v2\/product"}],"about":[{"href":"https:\/\/marzenawalczak.com\/fr\/wp-json\/wp\/v2\/types\/product"}],"wp:featuredmedia":[{"embeddable":true,"href":"https:\/\/marzenawalczak.com\/fr\/wp-json\/wp\/v2\/media\/699"}],"wp:attachment":[{"href":"https:\/\/marzenawalczak.com\/fr\/wp-json\/wp\/v2\/media?parent=259"}],"wp:term":[{"taxonomy":"product_brand","embeddable":true,"href":"https:\/\/marzenawalczak.com\/fr\/wp-json\/wp\/v2\/product_brand?post=259"},{"taxonomy":"product_cat","embeddable":true,"href":"https:\/\/marzenawalczak.com\/fr\/wp-json\/wp\/v2\/product_cat?post=259"},{"taxonomy":"product_tag","embeddable":true,"href":"https:\/\/marzenawalczak.com\/fr\/wp-json\/wp\/v2\/product_tag?post=259"}],"curies":[{"name":"wp","href":"https:\/\/api.w.org\/{rel}","templated":true}]}}