{"id":291,"date":"2021-12-23T12:25:44","date_gmt":"2021-12-23T11:25:44","guid":{"rendered":"http:\/\/marzenawalczak.com\/?post_type=product&#038;p=291"},"modified":"2023-10-10T09:28:53","modified_gmt":"2023-10-10T08:28:53","slug":"niebieski-kwiatek-jasienca-piaskowego","status":"publish","type":"product","link":"https:\/\/marzenawalczak.com\/fr\/produkt\/niebieski-kwiatek-jasienca-piaskowego\/","title":{"rendered":"letni \u015bwit"},"content":{"rendered":"<p>Niebieski kwiatek jasie\u0144ca piaskowego to nie kwiat, a kwiatki. Pozornie tworz\u0105 one jeden kwiat, a naprawd\u0119 jest ich wiele zebranych w g\u0142\u00f3wk\u0119 na szczycie p\u0119du.<\/p>\n<p>Te niebieskofioletowe kulki mo\u017cna podziwia\u0107 z daleka, kiedy wychylaj\u0105 si\u0119 spo\u015br\u00f3d traw na \u0142\u0105kach i przydro\u017cach, ale najpi\u0119kniej wygl\u0105daj\u0105 z bliska. Maj\u0105 pi\u0119kn\u0105 budow\u0119, warto si\u0119 im przyjrze\u0107. Ich powab przyci\u0105ga mn\u00f3stwo owad\u00f3w, od chrz\u0105szczy i <a href=\"https:\/\/marzenawalczak.com\/produkt\/pomaranczowy-motyl-na-niebieskim-kwiatku\/\">motyli<\/a> po pszczo\u0142y i trzmiele, dla kt\u00f3rych ma zar\u00f3wno nektar jaki i py\u0142ek. Kwitn\u0105cy przez ca\u0142e lato jasieniec daje naprawd\u0119 du\u017co miodu. Zatem doce\u0144my nie tylko urod\u0119 tego niewielkiego kwiatka, ale te\u017c jego po\u017cyteczno\u015b\u0107. Cieszmy si\u0119 z bogactwa naszej natury, bo dzi\u0119ki niej \u017cyjemy, nie zdaj\u0105c sobie sprawy z tego, jak bardzo potrzebujemy tych wszystkich ro\u015blin, kwiatk\u00f3w, pszcz\u00f3\u0142, motyli i innych <a href=\"https:\/\/dzicyzapylacze.pl\/halictus-scabiosae-smuklik-szerokopasy\/\">zapylaczy<\/a>. Podziwiajmy, szanujmy, nie zaszkodzi r\u00f3wnie\u017c poczyta\u0107.<\/p>\n<p>&nbsp;<\/p>\n<p>&nbsp;<\/p>\n","protected":false},"excerpt":{"rendered":"<p>w pewien lipcowy poranek<\/p>\n","protected":false},"featured_media":743,"template":"","meta":{"_acf_changed":false},"product_brand":[],"product_cat":[16],"product_tag":[120,128,129,96,122,83,116,55,113,121,81,34],"class_list":{"0":"post-291","1":"product","2":"type-product","3":"status-publish","4":"has-post-thumbnail","6":"product_cat-bez-kategorii","7":"product_tag-jasieniec-piaskowy","8":"product_tag-jasieniec","9":"product_tag-kwiatek","10":"product_tag-kwiaty-lata","11":"product_tag-laka","12":"product_tag-makro","13":"product_tag-natura","14":"product_tag-niebieski","15":"product_tag-pozytek-pszczeli","16":"product_tag-prezent","17":"product_tag-przyroda","18":"product_tag-strona-glowna","19":"product_shipping_class-polska","21":"first","22":"onbackorder","23":"shipping-taxable","24":"purchasable","25":"product-type-variable"},"acf":[],"yoast_head":"<!-- This site is optimized with the Yoast SEO plugin v27.5 - https:\/\/yoast.com\/product\/yoast-seo-wordpress\/ -->\n<title>letni \u015bwit<\/title>\n<meta name=\"description\" content=\"Niebieski kwiatek jasie\u0144ca piaskowego - detale przyrody w kadrach makro. Chwila zachwytu nad \u015bwiatem kt\u00f3ry trudno dostrzec. Fotoobrazy do wystroju wn\u0119trz.\" \/>\n<meta name=\"robots\" content=\"index, follow, max-snippet:-1, max-image-preview:large, max-video-preview:-1\" \/>\n<link rel=\"canonical\" href=\"https:\/\/marzenawalczak.com\/fr\/produkt\/niebieski-kwiatek-jasienca-piaskowego\/\" \/>\n<meta property=\"og:locale\" content=\"fr_FR\" \/>\n<meta property=\"og:locale:alternate\" content=\"pl_PL\" \/>\n<meta property=\"og:locale:alternate\" content=\"en_US\" \/>\n<meta property=\"og:type\" content=\"article\" \/>\n<meta property=\"og:title\" content=\"letni \u015bwit\" \/>\n<meta property=\"og:description\" content=\"Niebieski kwiatek jasie\u0144ca piaskowego - detale przyrody w kadrach makro. Chwila zachwytu nad \u015bwiatem kt\u00f3ry trudno dostrzec. Fotoobrazy do wystroju wn\u0119trz.\" \/>\n<meta property=\"og:url\" content=\"https:\/\/marzenawalczak.com\/fr\/produkt\/niebieski-kwiatek-jasienca-piaskowego\/\" \/>\n<meta property=\"og:site_name\" content=\"Marzena Walczak Photography\" \/>\n<meta property=\"article:modified_time\" content=\"2023-10-10T08:28:53+00:00\" \/>\n<meta property=\"og:image\" content=\"https:\/\/marzenawalczak.com\/wp-content\/uploads\/2021\/12\/jasieniec-piaskowy.jpg\" \/>\n\t<meta property=\"og:image:width\" content=\"2000\" \/>\n\t<meta property=\"og:image:height\" content=\"1325\" \/>\n\t<meta property=\"og:image:type\" content=\"image\/jpeg\" \/>\n<meta name=\"twitter:card\" content=\"summary_large_image\" \/>\n<meta name=\"twitter:label1\" content=\"Dur\u00e9e de lecture estim\u00e9e\" \/>\n\t<meta name=\"twitter:data1\" content=\"1 minute\" \/>\n<script type=\"application\/ld+json\" class=\"yoast-schema-graph\">{\"@context\":\"https:\\\/\\\/schema.org\",\"@graph\":[{\"@type\":\"WebPage\",\"@id\":\"https:\\\/\\\/marzenawalczak.com\\\/produkt\\\/niebieski-kwiatek-jasienca-piaskowego\\\/\",\"url\":\"https:\\\/\\\/marzenawalczak.com\\\/produkt\\\/niebieski-kwiatek-jasienca-piaskowego\\\/\",\"name\":\"letni \u015bwit\",\"isPartOf\":{\"@id\":\"https:\\\/\\\/marzenawalczak.com\\\/#website\"},\"primaryImageOfPage\":{\"@id\":\"https:\\\/\\\/marzenawalczak.com\\\/produkt\\\/niebieski-kwiatek-jasienca-piaskowego\\\/#primaryimage\"},\"image\":{\"@id\":\"https:\\\/\\\/marzenawalczak.com\\\/produkt\\\/niebieski-kwiatek-jasienca-piaskowego\\\/#primaryimage\"},\"thumbnailUrl\":\"https:\\\/\\\/marzenawalczak.com\\\/wp-content\\\/uploads\\\/2021\\\/12\\\/jasieniec-piaskowy.jpg\",\"datePublished\":\"2021-12-23T11:25:44+00:00\",\"dateModified\":\"2023-10-10T08:28:53+00:00\",\"description\":\"Niebieski kwiatek jasie\u0144ca piaskowego - detale przyrody w kadrach makro. Chwila zachwytu nad \u015bwiatem kt\u00f3ry trudno dostrzec. Fotoobrazy do wystroju wn\u0119trz.\",\"breadcrumb\":{\"@id\":\"https:\\\/\\\/marzenawalczak.com\\\/produkt\\\/niebieski-kwiatek-jasienca-piaskowego\\\/#breadcrumb\"},\"inLanguage\":\"fr-FR\",\"potentialAction\":[{\"@type\":\"ReadAction\",\"target\":[\"https:\\\/\\\/marzenawalczak.com\\\/produkt\\\/niebieski-kwiatek-jasienca-piaskowego\\\/\"]}]},{\"@type\":\"ImageObject\",\"inLanguage\":\"fr-FR\",\"@id\":\"https:\\\/\\\/marzenawalczak.com\\\/produkt\\\/niebieski-kwiatek-jasienca-piaskowego\\\/#primaryimage\",\"url\":\"https:\\\/\\\/marzenawalczak.com\\\/wp-content\\\/uploads\\\/2021\\\/12\\\/jasieniec-piaskowy.jpg\",\"contentUrl\":\"https:\\\/\\\/marzenawalczak.com\\\/wp-content\\\/uploads\\\/2021\\\/12\\\/jasieniec-piaskowy.jpg\",\"width\":2000,\"height\":1325,\"caption\":\"Niebieski kwiatek jasie\u0144ca piaskowego na tle \u015bwie\u017cej zieleni w lipcowy poranek.\"},{\"@type\":\"BreadcrumbList\",\"@id\":\"https:\\\/\\\/marzenawalczak.com\\\/produkt\\\/niebieski-kwiatek-jasienca-piaskowego\\\/#breadcrumb\",\"itemListElement\":[{\"@type\":\"ListItem\",\"position\":1,\"name\":\"Strona g\u0142\u00f3wna\",\"item\":\"https:\\\/\\\/marzenawalczak.com\\\/en\\\/\"},{\"@type\":\"ListItem\",\"position\":2,\"name\":\"Portfolio\",\"item\":\"https:\\\/\\\/marzenawalczak.com\\\/portfolio-przyroda-w-skali-makro\\\/\"},{\"@type\":\"ListItem\",\"position\":3,\"name\":\"letni \u015bwit\"}]},{\"@type\":\"WebSite\",\"@id\":\"https:\\\/\\\/marzenawalczak.com\\\/#website\",\"url\":\"https:\\\/\\\/marzenawalczak.com\\\/\",\"name\":\"Marzena Walczak Photography\",\"description\":\"Galeria artystyczna\",\"publisher\":{\"@id\":\"https:\\\/\\\/marzenawalczak.com\\\/#organization\"},\"potentialAction\":[{\"@type\":\"SearchAction\",\"target\":{\"@type\":\"EntryPoint\",\"urlTemplate\":\"https:\\\/\\\/marzenawalczak.com\\\/?s={search_term_string}\"},\"query-input\":{\"@type\":\"PropertyValueSpecification\",\"valueRequired\":true,\"valueName\":\"search_term_string\"}}],\"inLanguage\":\"fr-FR\"},{\"@type\":\"Organization\",\"@id\":\"https:\\\/\\\/marzenawalczak.com\\\/#organization\",\"name\":\"Marzena Walczak photography\",\"url\":\"https:\\\/\\\/marzenawalczak.com\\\/\",\"logo\":{\"@type\":\"ImageObject\",\"inLanguage\":\"fr-FR\",\"@id\":\"https:\\\/\\\/marzenawalczak.com\\\/#\\\/schema\\\/logo\\\/image\\\/\",\"url\":\"https:\\\/\\\/marzenawalczak.com\\\/wp-content\\\/uploads\\\/2022\\\/07\\\/DSC_0210.jpg\",\"contentUrl\":\"https:\\\/\\\/marzenawalczak.com\\\/wp-content\\\/uploads\\\/2022\\\/07\\\/DSC_0210.jpg\",\"width\":1800,\"height\":1207,\"caption\":\"Marzena Walczak photography\"},\"image\":{\"@id\":\"https:\\\/\\\/marzenawalczak.com\\\/#\\\/schema\\\/logo\\\/image\\\/\"},\"sameAs\":[\"https:\\\/\\\/www.instagram.com\\\/marzenawalczak_com\\\/\"]}]}<\/script>\n<!-- \/ Yoast SEO plugin. -->","yoast_head_json":{"title":"letni \u015bwit","description":"Niebieski kwiatek jasie\u0144ca piaskowego - detale przyrody w kadrach makro. Chwila zachwytu nad \u015bwiatem kt\u00f3ry trudno dostrzec. Fotoobrazy do wystroju wn\u0119trz.","robots":{"index":"index","follow":"follow","max-snippet":"max-snippet:-1","max-image-preview":"max-image-preview:large","max-video-preview":"max-video-preview:-1"},"canonical":"https:\/\/marzenawalczak.com\/fr\/produkt\/niebieski-kwiatek-jasienca-piaskowego\/","og_locale":"fr_FR","og_type":"article","og_title":"[:pl]letni \u015bwit[:en]letni \u015bwit[:] &#8211; Marzena Walczak Photography","og_description":"Niebieski kwiatek jasie\u0144ca piaskowego - detale przyrody w kadrach makro. Chwila zachwytu nad \u015bwiatem kt\u00f3ry trudno dostrzec. Fotoobrazy do wystroju wn\u0119trz.","og_url":"https:\/\/marzenawalczak.com\/fr\/produkt\/niebieski-kwiatek-jasienca-piaskowego\/","og_site_name":"Marzena Walczak Photography","article_modified_time":"2023-10-10T08:28:53+00:00","og_image":[{"width":2000,"height":1325,"url":"https:\/\/marzenawalczak.com\/wp-content\/uploads\/2021\/12\/jasieniec-piaskowy.jpg","type":"image\/jpeg"}],"twitter_card":"summary_large_image","twitter_misc":{"Dur\u00e9e de lecture estim\u00e9e":"1 minute"},"schema":{"@context":"https:\/\/schema.org","@graph":[{"@type":"WebPage","@id":"https:\/\/marzenawalczak.com\/produkt\/niebieski-kwiatek-jasienca-piaskowego\/","url":"https:\/\/marzenawalczak.com\/produkt\/niebieski-kwiatek-jasienca-piaskowego\/","name":"letni \u015bwit","isPartOf":{"@id":"https:\/\/marzenawalczak.com\/#website"},"primaryImageOfPage":{"@id":"https:\/\/marzenawalczak.com\/produkt\/niebieski-kwiatek-jasienca-piaskowego\/#primaryimage"},"image":{"@id":"https:\/\/marzenawalczak.com\/produkt\/niebieski-kwiatek-jasienca-piaskowego\/#primaryimage"},"thumbnailUrl":"https:\/\/marzenawalczak.com\/wp-content\/uploads\/2021\/12\/jasieniec-piaskowy.jpg","datePublished":"2021-12-23T11:25:44+00:00","dateModified":"2023-10-10T08:28:53+00:00","description":"Niebieski kwiatek jasie\u0144ca piaskowego - detale przyrody w kadrach makro. Chwila zachwytu nad \u015bwiatem kt\u00f3ry trudno dostrzec. Fotoobrazy do wystroju wn\u0119trz.","breadcrumb":{"@id":"https:\/\/marzenawalczak.com\/produkt\/niebieski-kwiatek-jasienca-piaskowego\/#breadcrumb"},"inLanguage":"fr-FR","potentialAction":[{"@type":"ReadAction","target":["https:\/\/marzenawalczak.com\/produkt\/niebieski-kwiatek-jasienca-piaskowego\/"]}]},{"@type":"ImageObject","inLanguage":"fr-FR","@id":"https:\/\/marzenawalczak.com\/produkt\/niebieski-kwiatek-jasienca-piaskowego\/#primaryimage","url":"https:\/\/marzenawalczak.com\/wp-content\/uploads\/2021\/12\/jasieniec-piaskowy.jpg","contentUrl":"https:\/\/marzenawalczak.com\/wp-content\/uploads\/2021\/12\/jasieniec-piaskowy.jpg","width":2000,"height":1325,"caption":"Niebieski kwiatek jasie\u0144ca piaskowego na tle \u015bwie\u017cej zieleni w lipcowy poranek."},{"@type":"BreadcrumbList","@id":"https:\/\/marzenawalczak.com\/produkt\/niebieski-kwiatek-jasienca-piaskowego\/#breadcrumb","itemListElement":[{"@type":"ListItem","position":1,"name":"Strona g\u0142\u00f3wna","item":"https:\/\/marzenawalczak.com\/en\/"},{"@type":"ListItem","position":2,"name":"Portfolio","item":"https:\/\/marzenawalczak.com\/portfolio-przyroda-w-skali-makro\/"},{"@type":"ListItem","position":3,"name":"letni \u015bwit"}]},{"@type":"WebSite","@id":"https:\/\/marzenawalczak.com\/#website","url":"https:\/\/marzenawalczak.com\/","name":"Marzena Walczak Photography","description":"Galeria artystyczna","publisher":{"@id":"https:\/\/marzenawalczak.com\/#organization"},"potentialAction":[{"@type":"SearchAction","target":{"@type":"EntryPoint","urlTemplate":"https:\/\/marzenawalczak.com\/?s={search_term_string}"},"query-input":{"@type":"PropertyValueSpecification","valueRequired":true,"valueName":"search_term_string"}}],"inLanguage":"fr-FR"},{"@type":"Organization","@id":"https:\/\/marzenawalczak.com\/#organization","name":"Marzena Walczak photography","url":"https:\/\/marzenawalczak.com\/","logo":{"@type":"ImageObject","inLanguage":"fr-FR","@id":"https:\/\/marzenawalczak.com\/#\/schema\/logo\/image\/","url":"https:\/\/marzenawalczak.com\/wp-content\/uploads\/2022\/07\/DSC_0210.jpg","contentUrl":"https:\/\/marzenawalczak.com\/wp-content\/uploads\/2022\/07\/DSC_0210.jpg","width":1800,"height":1207,"caption":"Marzena Walczak photography"},"image":{"@id":"https:\/\/marzenawalczak.com\/#\/schema\/logo\/image\/"},"sameAs":["https:\/\/www.instagram.com\/marzenawalczak_com\/"]}]}},"_links":{"self":[{"href":"https:\/\/marzenawalczak.com\/fr\/wp-json\/wp\/v2\/product\/291","targetHints":{"allow":["GET"]}}],"collection":[{"href":"https:\/\/marzenawalczak.com\/fr\/wp-json\/wp\/v2\/product"}],"about":[{"href":"https:\/\/marzenawalczak.com\/fr\/wp-json\/wp\/v2\/types\/product"}],"wp:featuredmedia":[{"embeddable":true,"href":"https:\/\/marzenawalczak.com\/fr\/wp-json\/wp\/v2\/media\/743"}],"wp:attachment":[{"href":"https:\/\/marzenawalczak.com\/fr\/wp-json\/wp\/v2\/media?parent=291"}],"wp:term":[{"taxonomy":"product_brand","embeddable":true,"href":"https:\/\/marzenawalczak.com\/fr\/wp-json\/wp\/v2\/product_brand?post=291"},{"taxonomy":"product_cat","embeddable":true,"href":"https:\/\/marzenawalczak.com\/fr\/wp-json\/wp\/v2\/product_cat?post=291"},{"taxonomy":"product_tag","embeddable":true,"href":"https:\/\/marzenawalczak.com\/fr\/wp-json\/wp\/v2\/product_tag?post=291"}],"curies":[{"name":"wp","href":"https:\/\/api.w.org\/{rel}","templated":true}]}}