{"id":624,"date":"2022-04-20T13:04:10","date_gmt":"2022-04-20T12:04:10","guid":{"rendered":"https:\/\/marzenawalczak.com\/?post_type=product&#038;p=624"},"modified":"2023-09-28T14:10:41","modified_gmt":"2023-09-28T13:10:41","slug":"kwiat-fioletowej-sasanki","status":"publish","type":"product","link":"https:\/\/marzenawalczak.com\/fr\/produkt\/kwiat-fioletowej-sasanki\/","title":{"rendered":"Martynka"},"content":{"rendered":"<p>Martynka &#8211; kwiat fioletowej sasanki uwielbia by\u0107 w lesie. Zabrany stamt\u0105d powoli usycha, gdy\u017c t\u0119skni za szumem drzew, zapachem sosen i d\u017awi\u0119kami lasu.<br \/>\nZa to, b\u0119d\u0105c w lesie, kwitnie i zachwyca sw\u0105 urod\u0105.<br \/>\nW Polsce sasanka jest pod ochron\u0105. Traktujmy j\u0105 z szacunkiem, aby jeszcze d\u0142ugo mog\u0142a zdobi\u0107 otaczaj\u0105cy nas \u015bwiat i cieszy\u0107 nasze oczy.<br \/>\nJe\u015bli Ci si\u0119 podoba, zobacz r\u00f3wnie\u017c\u00a0 <strong><a href=\"https:\/\/marzenawalczak.com\/produkt\/sasankowo\/\"><em>sasankowo<\/em><\/a><\/strong>.<br \/>\nZdj\u0119cie wykona\u0142am dzi\u0119ki uprzejmo\u015bci pracownik\u00f3w <a href=\"https:\/\/myszyniec.olsztyn.lasy.gov.pl\/\"><strong><em>Nadle\u015bnictwa Myszyniec<\/em><\/strong><\/a>, bogatego w wiele gatunk\u00f3w chronionej fauny i flory.<\/p>\n","protected":false},"excerpt":{"rendered":"<p>Pulsatilla vulgaris<\/p>\n","protected":false},"featured_media":686,"template":"","meta":{"_acf_changed":false},"product_brand":[],"product_cat":[16],"product_tag":[76,150,92,93,156,129,83,116,134,121,81,164,67,78],"class_list":{"0":"post-624","1":"product","2":"type-product","3":"status-publish","4":"has-post-thumbnail","6":"product_cat-bez-kategorii","7":"product_tag-barwny","8":"product_tag-delikatnosc","9":"product_tag-fiolet","10":"product_tag-fioletowy","11":"product_tag-gift","12":"product_tag-kwiatek","13":"product_tag-makro","14":"product_tag-natura","15":"product_tag-ogrod","16":"product_tag-prezent","17":"product_tag-przyroda","18":"product_tag-sasanka","19":"product_tag-sloneczny","20":"product_tag-wiosenne-kwiaty","21":"product_shipping_class-polska","23":"first","24":"onbackorder","25":"shipping-taxable","26":"purchasable","27":"product-type-variable"},"acf":[],"yoast_head":"<!-- This site is optimized with the Yoast SEO plugin v27.5 - https:\/\/yoast.com\/product\/yoast-seo-wordpress\/ -->\n<title>kwiat fioletowej sasanki &#8211; fotografia artystyczna<\/title>\n<meta name=\"description\" content=\"Kwiat fioletowej sasanki - nadzwyczajny urok i wdzi\u0119k. Uj\u0119cia przyrody w fotografiach makro. Zdj\u0119cia do wystroju wn\u0119trz, doskona\u0142e r\u00f3wnie\u017c na prezent.\" \/>\n<meta name=\"robots\" content=\"index, follow, max-snippet:-1, max-image-preview:large, max-video-preview:-1\" \/>\n<link rel=\"canonical\" href=\"https:\/\/marzenawalczak.com\/fr\/produkt\/kwiat-fioletowej-sasanki\/\" \/>\n<meta property=\"og:locale\" content=\"fr_FR\" \/>\n<meta property=\"og:locale:alternate\" content=\"pl_PL\" \/>\n<meta property=\"og:locale:alternate\" content=\"en_US\" \/>\n<meta property=\"og:type\" content=\"article\" \/>\n<meta property=\"og:title\" content=\"kwiat fioletowej sasanki &#8211; fotografia artystyczna\" \/>\n<meta property=\"og:description\" content=\"Kwiat fioletowej sasanki - nadzwyczajny urok i wdzi\u0119k. Uj\u0119cia przyrody w fotografiach makro. Zdj\u0119cia do wystroju wn\u0119trz, doskona\u0142e r\u00f3wnie\u017c na prezent.\" \/>\n<meta property=\"og:url\" content=\"https:\/\/marzenawalczak.com\/fr\/produkt\/kwiat-fioletowej-sasanki\/\" \/>\n<meta property=\"og:site_name\" content=\"Marzena Walczak Photography\" \/>\n<meta property=\"article:modified_time\" content=\"2023-09-28T13:10:41+00:00\" \/>\n<meta property=\"og:image\" content=\"https:\/\/marzenawalczak.com\/wp-content\/uploads\/2022\/04\/kwiat-fioletowej-sasanki.jpg\" \/>\n\t<meta property=\"og:image:width\" content=\"1351\" \/>\n\t<meta property=\"og:image:height\" content=\"1351\" \/>\n\t<meta property=\"og:image:type\" content=\"image\/jpeg\" \/>\n<meta name=\"twitter:card\" content=\"summary_large_image\" \/>\n<meta name=\"twitter:label1\" content=\"Dur\u00e9e de lecture estim\u00e9e\" \/>\n\t<meta name=\"twitter:data1\" content=\"1 minute\" \/>\n<script type=\"application\/ld+json\" class=\"yoast-schema-graph\">{\"@context\":\"https:\\\/\\\/schema.org\",\"@graph\":[{\"@type\":\"WebPage\",\"@id\":\"https:\\\/\\\/marzenawalczak.com\\\/produkt\\\/kwiat-fioletowej-sasanki\\\/\",\"url\":\"https:\\\/\\\/marzenawalczak.com\\\/produkt\\\/kwiat-fioletowej-sasanki\\\/\",\"name\":\"kwiat fioletowej sasanki &#8211; fotografia artystyczna\",\"isPartOf\":{\"@id\":\"https:\\\/\\\/marzenawalczak.com\\\/#website\"},\"primaryImageOfPage\":{\"@id\":\"https:\\\/\\\/marzenawalczak.com\\\/produkt\\\/kwiat-fioletowej-sasanki\\\/#primaryimage\"},\"image\":{\"@id\":\"https:\\\/\\\/marzenawalczak.com\\\/produkt\\\/kwiat-fioletowej-sasanki\\\/#primaryimage\"},\"thumbnailUrl\":\"https:\\\/\\\/marzenawalczak.com\\\/wp-content\\\/uploads\\\/2022\\\/04\\\/kwiat-fioletowej-sasanki.jpg\",\"datePublished\":\"2022-04-20T12:04:10+00:00\",\"dateModified\":\"2023-09-28T13:10:41+00:00\",\"description\":\"Kwiat fioletowej sasanki - nadzwyczajny urok i wdzi\u0119k. Uj\u0119cia przyrody w fotografiach makro. Zdj\u0119cia do wystroju wn\u0119trz, doskona\u0142e r\u00f3wnie\u017c na prezent.\",\"breadcrumb\":{\"@id\":\"https:\\\/\\\/marzenawalczak.com\\\/produkt\\\/kwiat-fioletowej-sasanki\\\/#breadcrumb\"},\"inLanguage\":\"fr-FR\",\"potentialAction\":[{\"@type\":\"ReadAction\",\"target\":[\"https:\\\/\\\/marzenawalczak.com\\\/produkt\\\/kwiat-fioletowej-sasanki\\\/\"]}]},{\"@type\":\"ImageObject\",\"inLanguage\":\"fr-FR\",\"@id\":\"https:\\\/\\\/marzenawalczak.com\\\/produkt\\\/kwiat-fioletowej-sasanki\\\/#primaryimage\",\"url\":\"https:\\\/\\\/marzenawalczak.com\\\/wp-content\\\/uploads\\\/2022\\\/04\\\/kwiat-fioletowej-sasanki.jpg\",\"contentUrl\":\"https:\\\/\\\/marzenawalczak.com\\\/wp-content\\\/uploads\\\/2022\\\/04\\\/kwiat-fioletowej-sasanki.jpg\",\"width\":1351,\"height\":1351,\"caption\":\"Fioletowa sasanka z Myszynieckich Bor\u00f3w Sasankowych.\"},{\"@type\":\"BreadcrumbList\",\"@id\":\"https:\\\/\\\/marzenawalczak.com\\\/produkt\\\/kwiat-fioletowej-sasanki\\\/#breadcrumb\",\"itemListElement\":[{\"@type\":\"ListItem\",\"position\":1,\"name\":\"Strona g\u0142\u00f3wna\",\"item\":\"https:\\\/\\\/marzenawalczak.com\\\/en\\\/\"},{\"@type\":\"ListItem\",\"position\":2,\"name\":\"Portfolio\",\"item\":\"https:\\\/\\\/marzenawalczak.com\\\/portfolio-przyroda-w-skali-makro\\\/\"},{\"@type\":\"ListItem\",\"position\":3,\"name\":\"Martynka\"}]},{\"@type\":\"WebSite\",\"@id\":\"https:\\\/\\\/marzenawalczak.com\\\/#website\",\"url\":\"https:\\\/\\\/marzenawalczak.com\\\/\",\"name\":\"Marzena Walczak Photography\",\"description\":\"Galeria artystyczna\",\"publisher\":{\"@id\":\"https:\\\/\\\/marzenawalczak.com\\\/#organization\"},\"potentialAction\":[{\"@type\":\"SearchAction\",\"target\":{\"@type\":\"EntryPoint\",\"urlTemplate\":\"https:\\\/\\\/marzenawalczak.com\\\/?s={search_term_string}\"},\"query-input\":{\"@type\":\"PropertyValueSpecification\",\"valueRequired\":true,\"valueName\":\"search_term_string\"}}],\"inLanguage\":\"fr-FR\"},{\"@type\":\"Organization\",\"@id\":\"https:\\\/\\\/marzenawalczak.com\\\/#organization\",\"name\":\"Marzena Walczak photography\",\"url\":\"https:\\\/\\\/marzenawalczak.com\\\/\",\"logo\":{\"@type\":\"ImageObject\",\"inLanguage\":\"fr-FR\",\"@id\":\"https:\\\/\\\/marzenawalczak.com\\\/#\\\/schema\\\/logo\\\/image\\\/\",\"url\":\"https:\\\/\\\/marzenawalczak.com\\\/wp-content\\\/uploads\\\/2022\\\/07\\\/DSC_0210.jpg\",\"contentUrl\":\"https:\\\/\\\/marzenawalczak.com\\\/wp-content\\\/uploads\\\/2022\\\/07\\\/DSC_0210.jpg\",\"width\":1800,\"height\":1207,\"caption\":\"Marzena Walczak photography\"},\"image\":{\"@id\":\"https:\\\/\\\/marzenawalczak.com\\\/#\\\/schema\\\/logo\\\/image\\\/\"},\"sameAs\":[\"https:\\\/\\\/www.instagram.com\\\/marzenawalczak_com\\\/\"]}]}<\/script>\n<!-- \/ Yoast SEO plugin. -->","yoast_head_json":{"title":"kwiat fioletowej sasanki &#8211; fotografia artystyczna","description":"Kwiat fioletowej sasanki - nadzwyczajny urok i wdzi\u0119k. Uj\u0119cia przyrody w fotografiach makro. Zdj\u0119cia do wystroju wn\u0119trz, doskona\u0142e r\u00f3wnie\u017c na prezent.","robots":{"index":"index","follow":"follow","max-snippet":"max-snippet:-1","max-image-preview":"max-image-preview:large","max-video-preview":"max-video-preview:-1"},"canonical":"https:\/\/marzenawalczak.com\/fr\/produkt\/kwiat-fioletowej-sasanki\/","og_locale":"fr_FR","og_type":"article","og_title":"kwiat fioletowej sasanki &#8211; fotografia artystyczna","og_description":"Kwiat fioletowej sasanki - nadzwyczajny urok i wdzi\u0119k. Uj\u0119cia przyrody w fotografiach makro. Zdj\u0119cia do wystroju wn\u0119trz, doskona\u0142e r\u00f3wnie\u017c na prezent.","og_url":"https:\/\/marzenawalczak.com\/fr\/produkt\/kwiat-fioletowej-sasanki\/","og_site_name":"Marzena Walczak Photography","article_modified_time":"2023-09-28T13:10:41+00:00","og_image":[{"width":1351,"height":1351,"url":"https:\/\/marzenawalczak.com\/wp-content\/uploads\/2022\/04\/kwiat-fioletowej-sasanki.jpg","type":"image\/jpeg"}],"twitter_card":"summary_large_image","twitter_misc":{"Dur\u00e9e de lecture estim\u00e9e":"1 minute"},"schema":{"@context":"https:\/\/schema.org","@graph":[{"@type":"WebPage","@id":"https:\/\/marzenawalczak.com\/produkt\/kwiat-fioletowej-sasanki\/","url":"https:\/\/marzenawalczak.com\/produkt\/kwiat-fioletowej-sasanki\/","name":"kwiat fioletowej sasanki &#8211; fotografia artystyczna","isPartOf":{"@id":"https:\/\/marzenawalczak.com\/#website"},"primaryImageOfPage":{"@id":"https:\/\/marzenawalczak.com\/produkt\/kwiat-fioletowej-sasanki\/#primaryimage"},"image":{"@id":"https:\/\/marzenawalczak.com\/produkt\/kwiat-fioletowej-sasanki\/#primaryimage"},"thumbnailUrl":"https:\/\/marzenawalczak.com\/wp-content\/uploads\/2022\/04\/kwiat-fioletowej-sasanki.jpg","datePublished":"2022-04-20T12:04:10+00:00","dateModified":"2023-09-28T13:10:41+00:00","description":"Kwiat fioletowej sasanki - nadzwyczajny urok i wdzi\u0119k. Uj\u0119cia przyrody w fotografiach makro. Zdj\u0119cia do wystroju wn\u0119trz, doskona\u0142e r\u00f3wnie\u017c na prezent.","breadcrumb":{"@id":"https:\/\/marzenawalczak.com\/produkt\/kwiat-fioletowej-sasanki\/#breadcrumb"},"inLanguage":"fr-FR","potentialAction":[{"@type":"ReadAction","target":["https:\/\/marzenawalczak.com\/produkt\/kwiat-fioletowej-sasanki\/"]}]},{"@type":"ImageObject","inLanguage":"fr-FR","@id":"https:\/\/marzenawalczak.com\/produkt\/kwiat-fioletowej-sasanki\/#primaryimage","url":"https:\/\/marzenawalczak.com\/wp-content\/uploads\/2022\/04\/kwiat-fioletowej-sasanki.jpg","contentUrl":"https:\/\/marzenawalczak.com\/wp-content\/uploads\/2022\/04\/kwiat-fioletowej-sasanki.jpg","width":1351,"height":1351,"caption":"Fioletowa sasanka z Myszynieckich Bor\u00f3w Sasankowych."},{"@type":"BreadcrumbList","@id":"https:\/\/marzenawalczak.com\/produkt\/kwiat-fioletowej-sasanki\/#breadcrumb","itemListElement":[{"@type":"ListItem","position":1,"name":"Strona g\u0142\u00f3wna","item":"https:\/\/marzenawalczak.com\/en\/"},{"@type":"ListItem","position":2,"name":"Portfolio","item":"https:\/\/marzenawalczak.com\/portfolio-przyroda-w-skali-makro\/"},{"@type":"ListItem","position":3,"name":"Martynka"}]},{"@type":"WebSite","@id":"https:\/\/marzenawalczak.com\/#website","url":"https:\/\/marzenawalczak.com\/","name":"Marzena Walczak Photography","description":"Galeria artystyczna","publisher":{"@id":"https:\/\/marzenawalczak.com\/#organization"},"potentialAction":[{"@type":"SearchAction","target":{"@type":"EntryPoint","urlTemplate":"https:\/\/marzenawalczak.com\/?s={search_term_string}"},"query-input":{"@type":"PropertyValueSpecification","valueRequired":true,"valueName":"search_term_string"}}],"inLanguage":"fr-FR"},{"@type":"Organization","@id":"https:\/\/marzenawalczak.com\/#organization","name":"Marzena Walczak photography","url":"https:\/\/marzenawalczak.com\/","logo":{"@type":"ImageObject","inLanguage":"fr-FR","@id":"https:\/\/marzenawalczak.com\/#\/schema\/logo\/image\/","url":"https:\/\/marzenawalczak.com\/wp-content\/uploads\/2022\/07\/DSC_0210.jpg","contentUrl":"https:\/\/marzenawalczak.com\/wp-content\/uploads\/2022\/07\/DSC_0210.jpg","width":1800,"height":1207,"caption":"Marzena Walczak photography"},"image":{"@id":"https:\/\/marzenawalczak.com\/#\/schema\/logo\/image\/"},"sameAs":["https:\/\/www.instagram.com\/marzenawalczak_com\/"]}]}},"_links":{"self":[{"href":"https:\/\/marzenawalczak.com\/fr\/wp-json\/wp\/v2\/product\/624","targetHints":{"allow":["GET"]}}],"collection":[{"href":"https:\/\/marzenawalczak.com\/fr\/wp-json\/wp\/v2\/product"}],"about":[{"href":"https:\/\/marzenawalczak.com\/fr\/wp-json\/wp\/v2\/types\/product"}],"wp:featuredmedia":[{"embeddable":true,"href":"https:\/\/marzenawalczak.com\/fr\/wp-json\/wp\/v2\/media\/686"}],"wp:attachment":[{"href":"https:\/\/marzenawalczak.com\/fr\/wp-json\/wp\/v2\/media?parent=624"}],"wp:term":[{"taxonomy":"product_brand","embeddable":true,"href":"https:\/\/marzenawalczak.com\/fr\/wp-json\/wp\/v2\/product_brand?post=624"},{"taxonomy":"product_cat","embeddable":true,"href":"https:\/\/marzenawalczak.com\/fr\/wp-json\/wp\/v2\/product_cat?post=624"},{"taxonomy":"product_tag","embeddable":true,"href":"https:\/\/marzenawalczak.com\/fr\/wp-json\/wp\/v2\/product_tag?post=624"}],"curies":[{"name":"wp","href":"https:\/\/api.w.org\/{rel}","templated":true}]}}