{"id":904,"date":"2023-02-07T15:07:06","date_gmt":"2023-02-07T14:07:06","guid":{"rendered":"https:\/\/marzenawalczak.com\/?post_type=product&#038;p=904"},"modified":"2023-09-26T10:01:55","modified_gmt":"2023-09-26T09:01:55","slug":"wiosenne-oczarowanie-leszczynowiec-chinski-z-rodziny-oczarowatych","status":"publish","type":"product","link":"https:\/\/marzenawalczak.com\/fr\/produkt\/wiosenne-oczarowanie-leszczynowiec-chinski-z-rodziny-oczarowatych\/","title":{"rendered":"oczarowanie"},"content":{"rendered":"<p>Wiosenne oczarowanie kwiatami leszczynowca z <a href=\"https:\/\/marzenawalczak.com\/produkt\/oczar-czarowny-kwiat\/\"><em><strong>rodziny oczarowatych<\/strong><\/em><\/a>.<\/p>\n<p>Delikatne \u017c\u00f3\u0142te kwiatuszki leszczynowca, zebrane w wisz\u0105ce grona, mog\u0105 wzbudzi\u0107 zachwyt u ka\u017cdego wielbiciela natury.<\/p>\n<p>Ten uroczy krzew jest u nas ma\u0142o znany i rzadko spotykany w ogrodach. Szkoda, bo to jeden z bardziej dekoracyjnych gatunk\u00f3w kwitn\u0105cych wiosn\u0105.<\/p>\n<p>Polecam wycieczk\u0119 do <a href=\"https:\/\/arboretum.sggw.edu.pl\/\"><em><strong>Arboretum w Rogowie<\/strong><\/em><\/a>, aby podziwia\u0107 t\u0119 oryginaln\u0105 ro\u015blin\u0119.<\/p>\n<p>Wysokiej jako\u015bci wydruk, oprawiony w delikatn\u0105 ramk\u0119 pi\u0119knie komponuje si\u0119 z wn\u0119trzami w pastelowych tonacjach.<\/p>\n<pre><\/pre>\n","protected":false},"excerpt":{"rendered":"<p><span style=\"color: #000000;\">pastelowa uroda natury <\/span><\/p>\n","protected":false},"featured_media":909,"template":"","meta":{"_acf_changed":false},"product_brand":[],"product_cat":[16],"product_tag":[136,231,76,150,232,156,224,129,223,83,116,170,134,249,121,81,78],"class_list":{"0":"post-904","1":"product","2":"type-product","3":"status-publish","4":"has-post-thumbnail","6":"product_cat-bez-kategorii","7":"product_tag-arboretum","8":"product_tag-art-photography","9":"product_tag-barwny","10":"product_tag-delikatnosc","11":"product_tag-for-interior-design","12":"product_tag-gift","13":"product_tag-grono","14":"product_tag-kwiatek","15":"product_tag-leszczynowiec","16":"product_tag-makro","17":"product_tag-natura","18":"product_tag-oczar","19":"product_tag-ogrod","20":"product_tag-pastele","21":"product_tag-prezent","22":"product_tag-przyroda","23":"product_tag-wiosenne-kwiaty","24":"product_shipping_class-polska","26":"first","27":"onbackorder","28":"shipping-taxable","29":"purchasable","30":"product-type-variable"},"acf":[],"yoast_head":"<!-- This site is optimized with the Yoast SEO plugin v27.5 - https:\/\/yoast.com\/product\/yoast-seo-wordpress\/ -->\n<title>wiosenne oczarowanie &#8211; galeria fotografii<\/title>\n<meta name=\"description\" content=\"Wiosenne oczarowanie - uj\u0119cia przyrody na fotografiach makro. Moment zachwytu nad \u015bwiatem. Zdj\u0119cia do wystroju wn\u0119trz. Polecamy r\u00f3wnie\u017c na prezent.\" \/>\n<meta name=\"robots\" content=\"index, follow, max-snippet:-1, max-image-preview:large, max-video-preview:-1\" \/>\n<link rel=\"canonical\" href=\"https:\/\/marzenawalczak.com\/fr\/produkt\/wiosenne-oczarowanie-leszczynowiec-chinski-z-rodziny-oczarowatych\/\" \/>\n<meta property=\"og:locale\" content=\"fr_FR\" \/>\n<meta property=\"og:locale:alternate\" content=\"pl_PL\" \/>\n<meta property=\"og:locale:alternate\" content=\"en_US\" \/>\n<meta property=\"og:type\" content=\"article\" \/>\n<meta property=\"og:title\" content=\"wiosenne oczarowanie &#8211; galeria fotografii\" \/>\n<meta property=\"og:description\" content=\"Wiosenne oczarowanie - uj\u0119cia przyrody na fotografiach makro. Moment zachwytu nad \u015bwiatem. Zdj\u0119cia do wystroju wn\u0119trz. Polecamy r\u00f3wnie\u017c na prezent.\" \/>\n<meta property=\"og:url\" content=\"https:\/\/marzenawalczak.com\/fr\/produkt\/wiosenne-oczarowanie-leszczynowiec-chinski-z-rodziny-oczarowatych\/\" \/>\n<meta property=\"og:site_name\" content=\"Marzena Walczak Photography\" \/>\n<meta property=\"article:modified_time\" content=\"2023-09-26T09:01:55+00:00\" \/>\n<meta property=\"og:image\" content=\"https:\/\/marzenawalczak.com\/wp-content\/uploads\/2023\/02\/leszczynowiec.jpg\" \/>\n\t<meta property=\"og:image:width\" content=\"1406\" \/>\n\t<meta property=\"og:image:height\" content=\"1406\" \/>\n\t<meta property=\"og:image:type\" content=\"image\/jpeg\" \/>\n<meta name=\"twitter:card\" content=\"summary_large_image\" \/>\n<meta name=\"twitter:label1\" content=\"Dur\u00e9e de lecture estim\u00e9e\" \/>\n\t<meta name=\"twitter:data1\" content=\"1 minute\" \/>\n<script type=\"application\/ld+json\" class=\"yoast-schema-graph\">{\"@context\":\"https:\\\/\\\/schema.org\",\"@graph\":[{\"@type\":\"WebPage\",\"@id\":\"https:\\\/\\\/marzenawalczak.com\\\/produkt\\\/wiosenne-oczarowanie-leszczynowiec-chinski-z-rodziny-oczarowatych\\\/\",\"url\":\"https:\\\/\\\/marzenawalczak.com\\\/produkt\\\/wiosenne-oczarowanie-leszczynowiec-chinski-z-rodziny-oczarowatych\\\/\",\"name\":\"wiosenne oczarowanie &#8211; galeria fotografii\",\"isPartOf\":{\"@id\":\"https:\\\/\\\/marzenawalczak.com\\\/#website\"},\"primaryImageOfPage\":{\"@id\":\"https:\\\/\\\/marzenawalczak.com\\\/produkt\\\/wiosenne-oczarowanie-leszczynowiec-chinski-z-rodziny-oczarowatych\\\/#primaryimage\"},\"image\":{\"@id\":\"https:\\\/\\\/marzenawalczak.com\\\/produkt\\\/wiosenne-oczarowanie-leszczynowiec-chinski-z-rodziny-oczarowatych\\\/#primaryimage\"},\"thumbnailUrl\":\"https:\\\/\\\/marzenawalczak.com\\\/wp-content\\\/uploads\\\/2023\\\/02\\\/leszczynowiec.jpg\",\"datePublished\":\"2023-02-07T14:07:06+00:00\",\"dateModified\":\"2023-09-26T09:01:55+00:00\",\"description\":\"Wiosenne oczarowanie - uj\u0119cia przyrody na fotografiach makro. Moment zachwytu nad \u015bwiatem. Zdj\u0119cia do wystroju wn\u0119trz. Polecamy r\u00f3wnie\u017c na prezent.\",\"breadcrumb\":{\"@id\":\"https:\\\/\\\/marzenawalczak.com\\\/produkt\\\/wiosenne-oczarowanie-leszczynowiec-chinski-z-rodziny-oczarowatych\\\/#breadcrumb\"},\"inLanguage\":\"fr-FR\",\"potentialAction\":[{\"@type\":\"ReadAction\",\"target\":[\"https:\\\/\\\/marzenawalczak.com\\\/produkt\\\/wiosenne-oczarowanie-leszczynowiec-chinski-z-rodziny-oczarowatych\\\/\"]}]},{\"@type\":\"ImageObject\",\"inLanguage\":\"fr-FR\",\"@id\":\"https:\\\/\\\/marzenawalczak.com\\\/produkt\\\/wiosenne-oczarowanie-leszczynowiec-chinski-z-rodziny-oczarowatych\\\/#primaryimage\",\"url\":\"https:\\\/\\\/marzenawalczak.com\\\/wp-content\\\/uploads\\\/2023\\\/02\\\/leszczynowiec.jpg\",\"contentUrl\":\"https:\\\/\\\/marzenawalczak.com\\\/wp-content\\\/uploads\\\/2023\\\/02\\\/leszczynowiec.jpg\",\"width\":1406,\"height\":1406,\"caption\":\"Wiosenne oczarowanie w postaci delikatnych \u017c\u00f3\u0142tych kwiatuszk\u00f3w leszczynowca zebranych w wisz\u0105ce grona.\"},{\"@type\":\"BreadcrumbList\",\"@id\":\"https:\\\/\\\/marzenawalczak.com\\\/produkt\\\/wiosenne-oczarowanie-leszczynowiec-chinski-z-rodziny-oczarowatych\\\/#breadcrumb\",\"itemListElement\":[{\"@type\":\"ListItem\",\"position\":1,\"name\":\"Strona g\u0142\u00f3wna\",\"item\":\"https:\\\/\\\/marzenawalczak.com\\\/en\\\/\"},{\"@type\":\"ListItem\",\"position\":2,\"name\":\"Portfolio\",\"item\":\"https:\\\/\\\/marzenawalczak.com\\\/portfolio-przyroda-w-skali-makro\\\/\"},{\"@type\":\"ListItem\",\"position\":3,\"name\":\"oczarowanie\"}]},{\"@type\":\"WebSite\",\"@id\":\"https:\\\/\\\/marzenawalczak.com\\\/#website\",\"url\":\"https:\\\/\\\/marzenawalczak.com\\\/\",\"name\":\"Marzena Walczak Photography\",\"description\":\"Galeria artystyczna\",\"publisher\":{\"@id\":\"https:\\\/\\\/marzenawalczak.com\\\/#organization\"},\"potentialAction\":[{\"@type\":\"SearchAction\",\"target\":{\"@type\":\"EntryPoint\",\"urlTemplate\":\"https:\\\/\\\/marzenawalczak.com\\\/?s={search_term_string}\"},\"query-input\":{\"@type\":\"PropertyValueSpecification\",\"valueRequired\":true,\"valueName\":\"search_term_string\"}}],\"inLanguage\":\"fr-FR\"},{\"@type\":\"Organization\",\"@id\":\"https:\\\/\\\/marzenawalczak.com\\\/#organization\",\"name\":\"Marzena Walczak photography\",\"url\":\"https:\\\/\\\/marzenawalczak.com\\\/\",\"logo\":{\"@type\":\"ImageObject\",\"inLanguage\":\"fr-FR\",\"@id\":\"https:\\\/\\\/marzenawalczak.com\\\/#\\\/schema\\\/logo\\\/image\\\/\",\"url\":\"https:\\\/\\\/marzenawalczak.com\\\/wp-content\\\/uploads\\\/2022\\\/07\\\/DSC_0210.jpg\",\"contentUrl\":\"https:\\\/\\\/marzenawalczak.com\\\/wp-content\\\/uploads\\\/2022\\\/07\\\/DSC_0210.jpg\",\"width\":1800,\"height\":1207,\"caption\":\"Marzena Walczak photography\"},\"image\":{\"@id\":\"https:\\\/\\\/marzenawalczak.com\\\/#\\\/schema\\\/logo\\\/image\\\/\"},\"sameAs\":[\"https:\\\/\\\/www.instagram.com\\\/marzenawalczak_com\\\/\"]}]}<\/script>\n<!-- \/ Yoast SEO plugin. -->","yoast_head_json":{"title":"wiosenne oczarowanie &#8211; galeria fotografii","description":"Wiosenne oczarowanie - uj\u0119cia przyrody na fotografiach makro. Moment zachwytu nad \u015bwiatem. Zdj\u0119cia do wystroju wn\u0119trz. Polecamy r\u00f3wnie\u017c na prezent.","robots":{"index":"index","follow":"follow","max-snippet":"max-snippet:-1","max-image-preview":"max-image-preview:large","max-video-preview":"max-video-preview:-1"},"canonical":"https:\/\/marzenawalczak.com\/fr\/produkt\/wiosenne-oczarowanie-leszczynowiec-chinski-z-rodziny-oczarowatych\/","og_locale":"fr_FR","og_type":"article","og_title":"wiosenne oczarowanie &#8211; galeria fotografii","og_description":"Wiosenne oczarowanie - uj\u0119cia przyrody na fotografiach makro. Moment zachwytu nad \u015bwiatem. Zdj\u0119cia do wystroju wn\u0119trz. Polecamy r\u00f3wnie\u017c na prezent.","og_url":"https:\/\/marzenawalczak.com\/fr\/produkt\/wiosenne-oczarowanie-leszczynowiec-chinski-z-rodziny-oczarowatych\/","og_site_name":"Marzena Walczak Photography","article_modified_time":"2023-09-26T09:01:55+00:00","og_image":[{"width":1406,"height":1406,"url":"https:\/\/marzenawalczak.com\/wp-content\/uploads\/2023\/02\/leszczynowiec.jpg","type":"image\/jpeg"}],"twitter_card":"summary_large_image","twitter_misc":{"Dur\u00e9e de lecture estim\u00e9e":"1 minute"},"schema":{"@context":"https:\/\/schema.org","@graph":[{"@type":"WebPage","@id":"https:\/\/marzenawalczak.com\/produkt\/wiosenne-oczarowanie-leszczynowiec-chinski-z-rodziny-oczarowatych\/","url":"https:\/\/marzenawalczak.com\/produkt\/wiosenne-oczarowanie-leszczynowiec-chinski-z-rodziny-oczarowatych\/","name":"wiosenne oczarowanie &#8211; galeria fotografii","isPartOf":{"@id":"https:\/\/marzenawalczak.com\/#website"},"primaryImageOfPage":{"@id":"https:\/\/marzenawalczak.com\/produkt\/wiosenne-oczarowanie-leszczynowiec-chinski-z-rodziny-oczarowatych\/#primaryimage"},"image":{"@id":"https:\/\/marzenawalczak.com\/produkt\/wiosenne-oczarowanie-leszczynowiec-chinski-z-rodziny-oczarowatych\/#primaryimage"},"thumbnailUrl":"https:\/\/marzenawalczak.com\/wp-content\/uploads\/2023\/02\/leszczynowiec.jpg","datePublished":"2023-02-07T14:07:06+00:00","dateModified":"2023-09-26T09:01:55+00:00","description":"Wiosenne oczarowanie - uj\u0119cia przyrody na fotografiach makro. Moment zachwytu nad \u015bwiatem. Zdj\u0119cia do wystroju wn\u0119trz. Polecamy r\u00f3wnie\u017c na prezent.","breadcrumb":{"@id":"https:\/\/marzenawalczak.com\/produkt\/wiosenne-oczarowanie-leszczynowiec-chinski-z-rodziny-oczarowatych\/#breadcrumb"},"inLanguage":"fr-FR","potentialAction":[{"@type":"ReadAction","target":["https:\/\/marzenawalczak.com\/produkt\/wiosenne-oczarowanie-leszczynowiec-chinski-z-rodziny-oczarowatych\/"]}]},{"@type":"ImageObject","inLanguage":"fr-FR","@id":"https:\/\/marzenawalczak.com\/produkt\/wiosenne-oczarowanie-leszczynowiec-chinski-z-rodziny-oczarowatych\/#primaryimage","url":"https:\/\/marzenawalczak.com\/wp-content\/uploads\/2023\/02\/leszczynowiec.jpg","contentUrl":"https:\/\/marzenawalczak.com\/wp-content\/uploads\/2023\/02\/leszczynowiec.jpg","width":1406,"height":1406,"caption":"Wiosenne oczarowanie w postaci delikatnych \u017c\u00f3\u0142tych kwiatuszk\u00f3w leszczynowca zebranych w wisz\u0105ce grona."},{"@type":"BreadcrumbList","@id":"https:\/\/marzenawalczak.com\/produkt\/wiosenne-oczarowanie-leszczynowiec-chinski-z-rodziny-oczarowatych\/#breadcrumb","itemListElement":[{"@type":"ListItem","position":1,"name":"Strona g\u0142\u00f3wna","item":"https:\/\/marzenawalczak.com\/en\/"},{"@type":"ListItem","position":2,"name":"Portfolio","item":"https:\/\/marzenawalczak.com\/portfolio-przyroda-w-skali-makro\/"},{"@type":"ListItem","position":3,"name":"oczarowanie"}]},{"@type":"WebSite","@id":"https:\/\/marzenawalczak.com\/#website","url":"https:\/\/marzenawalczak.com\/","name":"Marzena Walczak Photography","description":"Galeria artystyczna","publisher":{"@id":"https:\/\/marzenawalczak.com\/#organization"},"potentialAction":[{"@type":"SearchAction","target":{"@type":"EntryPoint","urlTemplate":"https:\/\/marzenawalczak.com\/?s={search_term_string}"},"query-input":{"@type":"PropertyValueSpecification","valueRequired":true,"valueName":"search_term_string"}}],"inLanguage":"fr-FR"},{"@type":"Organization","@id":"https:\/\/marzenawalczak.com\/#organization","name":"Marzena Walczak photography","url":"https:\/\/marzenawalczak.com\/","logo":{"@type":"ImageObject","inLanguage":"fr-FR","@id":"https:\/\/marzenawalczak.com\/#\/schema\/logo\/image\/","url":"https:\/\/marzenawalczak.com\/wp-content\/uploads\/2022\/07\/DSC_0210.jpg","contentUrl":"https:\/\/marzenawalczak.com\/wp-content\/uploads\/2022\/07\/DSC_0210.jpg","width":1800,"height":1207,"caption":"Marzena Walczak photography"},"image":{"@id":"https:\/\/marzenawalczak.com\/#\/schema\/logo\/image\/"},"sameAs":["https:\/\/www.instagram.com\/marzenawalczak_com\/"]}]}},"_links":{"self":[{"href":"https:\/\/marzenawalczak.com\/fr\/wp-json\/wp\/v2\/product\/904","targetHints":{"allow":["GET"]}}],"collection":[{"href":"https:\/\/marzenawalczak.com\/fr\/wp-json\/wp\/v2\/product"}],"about":[{"href":"https:\/\/marzenawalczak.com\/fr\/wp-json\/wp\/v2\/types\/product"}],"wp:featuredmedia":[{"embeddable":true,"href":"https:\/\/marzenawalczak.com\/fr\/wp-json\/wp\/v2\/media\/909"}],"wp:attachment":[{"href":"https:\/\/marzenawalczak.com\/fr\/wp-json\/wp\/v2\/media?parent=904"}],"wp:term":[{"taxonomy":"product_brand","embeddable":true,"href":"https:\/\/marzenawalczak.com\/fr\/wp-json\/wp\/v2\/product_brand?post=904"},{"taxonomy":"product_cat","embeddable":true,"href":"https:\/\/marzenawalczak.com\/fr\/wp-json\/wp\/v2\/product_cat?post=904"},{"taxonomy":"product_tag","embeddable":true,"href":"https:\/\/marzenawalczak.com\/fr\/wp-json\/wp\/v2\/product_tag?post=904"}],"curies":[{"name":"wp","href":"https:\/\/api.w.org\/{rel}","templated":true}]}}