{"id":980,"date":"2023-04-18T12:44:10","date_gmt":"2023-04-18T11:44:10","guid":{"rendered":"https:\/\/marzenawalczak.com\/?post_type=product&#038;p=980"},"modified":"2023-09-25T14:06:25","modified_gmt":"2023-09-25T13:06:25","slug":"lazurowoniebieskie-gwiazdki-cebulica-syberyjska","status":"publish","type":"product","link":"https:\/\/marzenawalczak.com\/fr\/produkt\/lazurowoniebieskie-gwiazdki-cebulica-syberyjska\/","title":{"rendered":"lazurowoniebieskie gwiazdki"},"content":{"rendered":"<p>Lazurowoniebieskie gwiazdki cebulicy syberyjskiej <a href=\"https:\/\/marzenawalczak.com\/produkt\/wiosenny-listek-buka-fotografia-artystyczna\/\"><em><strong>roz\u015bwietlone promieniami porannego s\u0142o\u0144ca<\/strong><\/em><\/a> rozsiane po\u015br\u00f3d soczy\u015bcie zielonych \u017ad\u017abe\u0142 trawy urzekaj\u0105 swoj\u0105 urod\u0105, przyci\u0105gaj\u0105 wzrok, zapraszaj\u0105 na wiosenny spacer. Blisko\u015b\u0107 natury i \u015bwie\u017ce powietrze pomagaj\u0105 nam by\u0107 szcz\u0119\u015bliwymi. Dajmy sobie szans\u0119.<\/p>\n<p>&nbsp;<\/p>\n<p>&nbsp;<\/p>\n<p>&nbsp;<\/p>\n<p>&nbsp;<\/p>\n","protected":false},"excerpt":{"rendered":"<p>cuda natury<\/p>\n<h2><\/h2>\n","protected":false},"featured_media":986,"template":"","meta":{"_acf_changed":false},"product_brand":[],"product_cat":[16],"product_tag":[231,76,233,240,232,238,156,237,163,236,83,116,55,134,121,81,247,66,67,246,234,78,57,239],"class_list":{"0":"post-980","1":"product","2":"type-product","3":"status-publish","4":"has-post-thumbnail","6":"product_cat-bez-kategorii","7":"product_tag-art-photography","8":"product_tag-barwny","9":"product_tag-cebulica","10":"product_tag-dekoracje","11":"product_tag-for-interior-design","12":"product_tag-garden","13":"product_tag-gift","14":"product_tag-kwiatki","15":"product_tag-kwiaty-wiosny","16":"product_tag-lazurowy-modry","17":"product_tag-makro","18":"product_tag-natura","19":"product_tag-niebieski","20":"product_tag-ogrod","21":"product_tag-prezent","22":"product_tag-przyroda","23":"product_tag-scilla-sibirica","24":"product_tag-slonce","25":"product_tag-sloneczny","26":"product_tag-swietlisty","27":"product_tag-syberyjska","28":"product_tag-wiosenne-kwiaty","29":"product_tag-wiosna","30":"product_tag-wystroj-wnetrz","31":"product_shipping_class-polska","33":"first","34":"onbackorder","35":"shipping-taxable","36":"purchasable","37":"product-type-variable"},"acf":[],"yoast_head":"<!-- This site is optimized with the Yoast SEO plugin v27.5 - https:\/\/yoast.com\/product\/yoast-seo-wordpress\/ -->\n<title>lazurowoniebieskie gwiazdki<\/title>\n<meta name=\"description\" content=\"Lazurowoniebieskie gwiazdki - fotografia artystyczna - detale przyrody w kadrach makro. Chwila zachwytu nad cudami natury. Zdj\u0119cia do wystroju wn\u0119trz.\" \/>\n<meta name=\"robots\" content=\"index, follow, max-snippet:-1, max-image-preview:large, max-video-preview:-1\" \/>\n<link rel=\"canonical\" href=\"https:\/\/marzenawalczak.com\/fr\/produkt\/lazurowoniebieskie-gwiazdki-cebulica-syberyjska\/\" \/>\n<meta property=\"og:locale\" content=\"fr_FR\" \/>\n<meta property=\"og:locale:alternate\" content=\"pl_PL\" \/>\n<meta property=\"og:locale:alternate\" content=\"en_US\" \/>\n<meta property=\"og:type\" content=\"article\" \/>\n<meta property=\"og:title\" content=\"lazurowoniebieskie gwiazdki\" \/>\n<meta property=\"og:description\" content=\"Lazurowoniebieskie gwiazdki - fotografia artystyczna - detale przyrody w kadrach makro. Chwila zachwytu nad cudami natury. Zdj\u0119cia do wystroju wn\u0119trz.\" \/>\n<meta property=\"og:url\" content=\"https:\/\/marzenawalczak.com\/fr\/produkt\/lazurowoniebieskie-gwiazdki-cebulica-syberyjska\/\" \/>\n<meta property=\"og:site_name\" content=\"Marzena Walczak Photography\" \/>\n<meta property=\"article:modified_time\" content=\"2023-09-25T13:06:25+00:00\" \/>\n<meta property=\"og:image\" content=\"https:\/\/marzenawalczak.com\/wp-content\/uploads\/2023\/04\/cebulica-syberyjska.jpg\" \/>\n\t<meta property=\"og:image:width\" content=\"1900\" \/>\n\t<meta property=\"og:image:height\" content=\"1259\" \/>\n\t<meta property=\"og:image:type\" content=\"image\/jpeg\" \/>\n<meta name=\"twitter:card\" content=\"summary_large_image\" \/>\n<meta name=\"twitter:label1\" content=\"Dur\u00e9e de lecture estim\u00e9e\" \/>\n\t<meta name=\"twitter:data1\" content=\"1 minute\" \/>\n<script type=\"application\/ld+json\" class=\"yoast-schema-graph\">{\"@context\":\"https:\\\/\\\/schema.org\",\"@graph\":[{\"@type\":\"WebPage\",\"@id\":\"https:\\\/\\\/marzenawalczak.com\\\/produkt\\\/lazurowoniebieskie-gwiazdki-cebulica-syberyjska\\\/\",\"url\":\"https:\\\/\\\/marzenawalczak.com\\\/produkt\\\/lazurowoniebieskie-gwiazdki-cebulica-syberyjska\\\/\",\"name\":\"lazurowoniebieskie gwiazdki\",\"isPartOf\":{\"@id\":\"https:\\\/\\\/marzenawalczak.com\\\/#website\"},\"primaryImageOfPage\":{\"@id\":\"https:\\\/\\\/marzenawalczak.com\\\/produkt\\\/lazurowoniebieskie-gwiazdki-cebulica-syberyjska\\\/#primaryimage\"},\"image\":{\"@id\":\"https:\\\/\\\/marzenawalczak.com\\\/produkt\\\/lazurowoniebieskie-gwiazdki-cebulica-syberyjska\\\/#primaryimage\"},\"thumbnailUrl\":\"https:\\\/\\\/marzenawalczak.com\\\/wp-content\\\/uploads\\\/2023\\\/04\\\/cebulica-syberyjska.jpg\",\"datePublished\":\"2023-04-18T11:44:10+00:00\",\"dateModified\":\"2023-09-25T13:06:25+00:00\",\"description\":\"Lazurowoniebieskie gwiazdki - fotografia artystyczna - detale przyrody w kadrach makro. Chwila zachwytu nad cudami natury. Zdj\u0119cia do wystroju wn\u0119trz.\",\"breadcrumb\":{\"@id\":\"https:\\\/\\\/marzenawalczak.com\\\/produkt\\\/lazurowoniebieskie-gwiazdki-cebulica-syberyjska\\\/#breadcrumb\"},\"inLanguage\":\"fr-FR\",\"potentialAction\":[{\"@type\":\"ReadAction\",\"target\":[\"https:\\\/\\\/marzenawalczak.com\\\/produkt\\\/lazurowoniebieskie-gwiazdki-cebulica-syberyjska\\\/\"]}]},{\"@type\":\"ImageObject\",\"inLanguage\":\"fr-FR\",\"@id\":\"https:\\\/\\\/marzenawalczak.com\\\/produkt\\\/lazurowoniebieskie-gwiazdki-cebulica-syberyjska\\\/#primaryimage\",\"url\":\"https:\\\/\\\/marzenawalczak.com\\\/wp-content\\\/uploads\\\/2023\\\/04\\\/cebulica-syberyjska.jpg\",\"contentUrl\":\"https:\\\/\\\/marzenawalczak.com\\\/wp-content\\\/uploads\\\/2023\\\/04\\\/cebulica-syberyjska.jpg\",\"width\":1900,\"height\":1259,\"caption\":\"Lazurowoniebieskie gwiazdki cebulicy syberyjskiej roz\u015bwietlone promieniami wiosennego s\u0142o\u0144ca.\"},{\"@type\":\"BreadcrumbList\",\"@id\":\"https:\\\/\\\/marzenawalczak.com\\\/produkt\\\/lazurowoniebieskie-gwiazdki-cebulica-syberyjska\\\/#breadcrumb\",\"itemListElement\":[{\"@type\":\"ListItem\",\"position\":1,\"name\":\"Strona g\u0142\u00f3wna\",\"item\":\"https:\\\/\\\/marzenawalczak.com\\\/en\\\/\"},{\"@type\":\"ListItem\",\"position\":2,\"name\":\"Portfolio\",\"item\":\"https:\\\/\\\/marzenawalczak.com\\\/portfolio-przyroda-w-skali-makro\\\/\"},{\"@type\":\"ListItem\",\"position\":3,\"name\":\"lazurowoniebieskie gwiazdki\"}]},{\"@type\":\"WebSite\",\"@id\":\"https:\\\/\\\/marzenawalczak.com\\\/#website\",\"url\":\"https:\\\/\\\/marzenawalczak.com\\\/\",\"name\":\"Marzena Walczak Photography\",\"description\":\"Galeria artystyczna\",\"publisher\":{\"@id\":\"https:\\\/\\\/marzenawalczak.com\\\/#organization\"},\"potentialAction\":[{\"@type\":\"SearchAction\",\"target\":{\"@type\":\"EntryPoint\",\"urlTemplate\":\"https:\\\/\\\/marzenawalczak.com\\\/?s={search_term_string}\"},\"query-input\":{\"@type\":\"PropertyValueSpecification\",\"valueRequired\":true,\"valueName\":\"search_term_string\"}}],\"inLanguage\":\"fr-FR\"},{\"@type\":\"Organization\",\"@id\":\"https:\\\/\\\/marzenawalczak.com\\\/#organization\",\"name\":\"Marzena Walczak photography\",\"url\":\"https:\\\/\\\/marzenawalczak.com\\\/\",\"logo\":{\"@type\":\"ImageObject\",\"inLanguage\":\"fr-FR\",\"@id\":\"https:\\\/\\\/marzenawalczak.com\\\/#\\\/schema\\\/logo\\\/image\\\/\",\"url\":\"https:\\\/\\\/marzenawalczak.com\\\/wp-content\\\/uploads\\\/2022\\\/07\\\/DSC_0210.jpg\",\"contentUrl\":\"https:\\\/\\\/marzenawalczak.com\\\/wp-content\\\/uploads\\\/2022\\\/07\\\/DSC_0210.jpg\",\"width\":1800,\"height\":1207,\"caption\":\"Marzena Walczak photography\"},\"image\":{\"@id\":\"https:\\\/\\\/marzenawalczak.com\\\/#\\\/schema\\\/logo\\\/image\\\/\"},\"sameAs\":[\"https:\\\/\\\/www.instagram.com\\\/marzenawalczak_com\\\/\"]}]}<\/script>\n<!-- \/ Yoast SEO plugin. -->","yoast_head_json":{"title":"lazurowoniebieskie gwiazdki","description":"Lazurowoniebieskie gwiazdki - fotografia artystyczna - detale przyrody w kadrach makro. Chwila zachwytu nad cudami natury. Zdj\u0119cia do wystroju wn\u0119trz.","robots":{"index":"index","follow":"follow","max-snippet":"max-snippet:-1","max-image-preview":"max-image-preview:large","max-video-preview":"max-video-preview:-1"},"canonical":"https:\/\/marzenawalczak.com\/fr\/produkt\/lazurowoniebieskie-gwiazdki-cebulica-syberyjska\/","og_locale":"fr_FR","og_type":"article","og_title":"[:pl]lazurowoniebieskie gwiazdki[:en]wiosenne dekoracje[:] &#8211; Marzena Walczak Photography","og_description":"Lazurowoniebieskie gwiazdki - fotografia artystyczna - detale przyrody w kadrach makro. Chwila zachwytu nad cudami natury. Zdj\u0119cia do wystroju wn\u0119trz.","og_url":"https:\/\/marzenawalczak.com\/fr\/produkt\/lazurowoniebieskie-gwiazdki-cebulica-syberyjska\/","og_site_name":"Marzena Walczak Photography","article_modified_time":"2023-09-25T13:06:25+00:00","og_image":[{"width":1900,"height":1259,"url":"https:\/\/marzenawalczak.com\/wp-content\/uploads\/2023\/04\/cebulica-syberyjska.jpg","type":"image\/jpeg"}],"twitter_card":"summary_large_image","twitter_misc":{"Dur\u00e9e de lecture estim\u00e9e":"1 minute"},"schema":{"@context":"https:\/\/schema.org","@graph":[{"@type":"WebPage","@id":"https:\/\/marzenawalczak.com\/produkt\/lazurowoniebieskie-gwiazdki-cebulica-syberyjska\/","url":"https:\/\/marzenawalczak.com\/produkt\/lazurowoniebieskie-gwiazdki-cebulica-syberyjska\/","name":"lazurowoniebieskie gwiazdki","isPartOf":{"@id":"https:\/\/marzenawalczak.com\/#website"},"primaryImageOfPage":{"@id":"https:\/\/marzenawalczak.com\/produkt\/lazurowoniebieskie-gwiazdki-cebulica-syberyjska\/#primaryimage"},"image":{"@id":"https:\/\/marzenawalczak.com\/produkt\/lazurowoniebieskie-gwiazdki-cebulica-syberyjska\/#primaryimage"},"thumbnailUrl":"https:\/\/marzenawalczak.com\/wp-content\/uploads\/2023\/04\/cebulica-syberyjska.jpg","datePublished":"2023-04-18T11:44:10+00:00","dateModified":"2023-09-25T13:06:25+00:00","description":"Lazurowoniebieskie gwiazdki - fotografia artystyczna - detale przyrody w kadrach makro. Chwila zachwytu nad cudami natury. Zdj\u0119cia do wystroju wn\u0119trz.","breadcrumb":{"@id":"https:\/\/marzenawalczak.com\/produkt\/lazurowoniebieskie-gwiazdki-cebulica-syberyjska\/#breadcrumb"},"inLanguage":"fr-FR","potentialAction":[{"@type":"ReadAction","target":["https:\/\/marzenawalczak.com\/produkt\/lazurowoniebieskie-gwiazdki-cebulica-syberyjska\/"]}]},{"@type":"ImageObject","inLanguage":"fr-FR","@id":"https:\/\/marzenawalczak.com\/produkt\/lazurowoniebieskie-gwiazdki-cebulica-syberyjska\/#primaryimage","url":"https:\/\/marzenawalczak.com\/wp-content\/uploads\/2023\/04\/cebulica-syberyjska.jpg","contentUrl":"https:\/\/marzenawalczak.com\/wp-content\/uploads\/2023\/04\/cebulica-syberyjska.jpg","width":1900,"height":1259,"caption":"Lazurowoniebieskie gwiazdki cebulicy syberyjskiej roz\u015bwietlone promieniami wiosennego s\u0142o\u0144ca."},{"@type":"BreadcrumbList","@id":"https:\/\/marzenawalczak.com\/produkt\/lazurowoniebieskie-gwiazdki-cebulica-syberyjska\/#breadcrumb","itemListElement":[{"@type":"ListItem","position":1,"name":"Strona g\u0142\u00f3wna","item":"https:\/\/marzenawalczak.com\/en\/"},{"@type":"ListItem","position":2,"name":"Portfolio","item":"https:\/\/marzenawalczak.com\/portfolio-przyroda-w-skali-makro\/"},{"@type":"ListItem","position":3,"name":"lazurowoniebieskie gwiazdki"}]},{"@type":"WebSite","@id":"https:\/\/marzenawalczak.com\/#website","url":"https:\/\/marzenawalczak.com\/","name":"Marzena Walczak Photography","description":"Galeria artystyczna","publisher":{"@id":"https:\/\/marzenawalczak.com\/#organization"},"potentialAction":[{"@type":"SearchAction","target":{"@type":"EntryPoint","urlTemplate":"https:\/\/marzenawalczak.com\/?s={search_term_string}"},"query-input":{"@type":"PropertyValueSpecification","valueRequired":true,"valueName":"search_term_string"}}],"inLanguage":"fr-FR"},{"@type":"Organization","@id":"https:\/\/marzenawalczak.com\/#organization","name":"Marzena Walczak photography","url":"https:\/\/marzenawalczak.com\/","logo":{"@type":"ImageObject","inLanguage":"fr-FR","@id":"https:\/\/marzenawalczak.com\/#\/schema\/logo\/image\/","url":"https:\/\/marzenawalczak.com\/wp-content\/uploads\/2022\/07\/DSC_0210.jpg","contentUrl":"https:\/\/marzenawalczak.com\/wp-content\/uploads\/2022\/07\/DSC_0210.jpg","width":1800,"height":1207,"caption":"Marzena Walczak photography"},"image":{"@id":"https:\/\/marzenawalczak.com\/#\/schema\/logo\/image\/"},"sameAs":["https:\/\/www.instagram.com\/marzenawalczak_com\/"]}]}},"_links":{"self":[{"href":"https:\/\/marzenawalczak.com\/fr\/wp-json\/wp\/v2\/product\/980","targetHints":{"allow":["GET"]}}],"collection":[{"href":"https:\/\/marzenawalczak.com\/fr\/wp-json\/wp\/v2\/product"}],"about":[{"href":"https:\/\/marzenawalczak.com\/fr\/wp-json\/wp\/v2\/types\/product"}],"wp:featuredmedia":[{"embeddable":true,"href":"https:\/\/marzenawalczak.com\/fr\/wp-json\/wp\/v2\/media\/986"}],"wp:attachment":[{"href":"https:\/\/marzenawalczak.com\/fr\/wp-json\/wp\/v2\/media?parent=980"}],"wp:term":[{"taxonomy":"product_brand","embeddable":true,"href":"https:\/\/marzenawalczak.com\/fr\/wp-json\/wp\/v2\/product_brand?post=980"},{"taxonomy":"product_cat","embeddable":true,"href":"https:\/\/marzenawalczak.com\/fr\/wp-json\/wp\/v2\/product_cat?post=980"},{"taxonomy":"product_tag","embeddable":true,"href":"https:\/\/marzenawalczak.com\/fr\/wp-json\/wp\/v2\/product_tag?post=980"}],"curies":[{"name":"wp","href":"https:\/\/api.w.org\/{rel}","templated":true}]}}